{"id":430,"date":"2024-11-08T08:44:18","date_gmt":"2024-11-08T08:44:18","guid":{"rendered":"https:\/\/mscyber.co\/?page_id=430"},"modified":"2025-03-31T10:53:28","modified_gmt":"2025-03-31T10:53:28","slug":"seguranca-cibernetica-proativa-prevencao-monitoramento-gerenciamento-de-vulnerabilidades","status":"publish","type":"page","link":"https:\/\/mscyber.co\/pt\/proactive-cybersecurity-prevention-monitoring-vulnerability-management\/","title":{"rendered":"P\u00e1gina de preven\u00e7\u00e3o e monitoramento"},"content":{"rendered":"\t\t<div data-elementor-type=\"wp-page\" data-elementor-id=\"430\" class=\"elementor elementor-430\" data-elementor-settings=\"{&quot;ha_cmc_init_switcher&quot;:&quot;no&quot;}\">\n\t\t\t\t\t\t<section class=\"elementor-section elementor-top-section elementor-element elementor-element-6607661 elementor-section-boxed elementor-section-height-default elementor-section-height-default fbth-custom-animation-no FBTH-addons-sticky-no\" data-id=\"6607661\" data-element_type=\"section\" data-settings=\"{&quot;background_background&quot;:&quot;classic&quot;,&quot;fbth_animation_on&quot;:&quot;no&quot;,&quot;_ha_eqh_enable&quot;:false,&quot;fbth_sticky&quot;:&quot;no&quot;}\">\n\t\t\t\t\t\t<div class=\"elementor-container elementor-column-gap-default\">\n\t\t\t\t\t<div class=\"elementor-column elementor-col-100 elementor-top-column elementor-element elementor-element-d94c43f\" data-id=\"d94c43f\" data-element_type=\"column\">\n\t\t\t<div class=\"elementor-widget-wrap elementor-element-populated\">\n\t\t\t\t\t\t<section class=\"elementor-section elementor-inner-section elementor-element elementor-element-c83e251 elementor-section-boxed elementor-section-height-default elementor-section-height-default fbth-custom-animation-no FBTH-addons-sticky-no\" data-id=\"c83e251\" data-element_type=\"section\" data-settings=\"{&quot;_ha_eqh_enable&quot;:&quot;yes&quot;,&quot;_ha_eqh_widget&quot;:[&quot;fbth-icon-box&quot;],&quot;fbth_animation_on&quot;:&quot;no&quot;,&quot;_ha_eqh_to&quot;:&quot;widget&quot;,&quot;_ha_eqh_disable_on_tablet&quot;:&quot;no&quot;,&quot;_ha_eqh_disable_on_mobile&quot;:&quot;yes&quot;,&quot;fbth_sticky&quot;:&quot;no&quot;}\">\n\t\t\t\t\t\t<div class=\"elementor-container elementor-column-gap-default\">\n\t\t\t\t\t<div class=\"elementor-column elementor-col-33 elementor-inner-column elementor-element elementor-element-52bb482 service-single-card-bg\" data-id=\"52bb482\" data-element_type=\"column\" data-settings=\"{&quot;background_background&quot;:&quot;classic&quot;}\">\n\t\t\t<div class=\"elementor-widget-wrap elementor-element-populated\">\n\t\t\t\t\t\t<div class=\"elementor-element elementor-element-31e03d5 FBTH-addons-sticky-no elementor-widget elementor-widget-fbth-icon-box\" data-id=\"31e03d5\" data-element_type=\"widget\" data-settings=\"{&quot;fbth_sticky&quot;:&quot;no&quot;}\" data-widget_type=\"fbth-icon-box.default\">\n\t\t\t\t<div class=\"elementor-widget-container\">\n\t\t\t\n\t\t\t<!-- box link  -->\n\t\t\t\n\t\t<div class=\"fbth-addons-feature-box-item fbth-addons-feature-icon-center fbth-addons-icon-position-top\">\n\n\t\t\t\t\t\t\t<div class=\"fbth-addons-feature-icon-wrap icon-background-yes align-items-top\">\n\t\t\t\t\t<span class=\"fbth-addons-feature-icon icon-type-image\">\n\t\t\t\t\t\t<img decoding=\"async\" src=\"https:\/\/mscyber.co\/wp-content\/uploads\/2024\/11\/Group-1000003392.png\" title=\"Group 1000003392\" alt=\"Group 1000003392\" loading=\"lazy\" \/>\t\t\t\t\t<\/span>\n\t\t\t\t<\/div>\n\t\t\t\n\t\t\t<div class=\"fbth-addons-feature-content-wrap\">\n\t\t\t\t<div class=\"fbth-iconbox-addons-feature-content\">\n\t\t\t\t\t<h2 class=\"fbth-addons-feature-title\"> Prevention and Monitoring<\/h2>\t\t\t\t\t\n\t\t\t\t\t\t\t\t\t\t\t<p class=\"fbth-size-default\">Adopt robust security measures with regular audits and comprehensive training to proactively mitigate cyber threats and protect against vulnerabilities. Continuous monitoring enables real-time detection, providing an agile and effective response to suspicious activities, minimizing risks and damages.<\/p>\n\t\t\t\t\t\t\t\t\t<\/div>\n\t\t\t\t\n\t\t\t<\/div>\n\n\t\t<\/div> \n\n\t\t\t<!-- box link  -->\n\t\t\t\t\t\t<!-- box link  -->\n\t\t<\/div>\n\t\t\t\t<\/div>\n\t\t\t\t\t<\/div>\n\t\t<\/div>\n\t\t\t\t<div class=\"elementor-column elementor-col-33 elementor-inner-column elementor-element elementor-element-72326b6 service-single-card-bg\" data-id=\"72326b6\" data-element_type=\"column\" data-settings=\"{&quot;background_background&quot;:&quot;classic&quot;}\">\n\t\t\t<div class=\"elementor-widget-wrap elementor-element-populated\">\n\t\t\t\t\t\t<div class=\"elementor-element elementor-element-5933ed6 FBTH-addons-sticky-no elementor-widget elementor-widget-fbth-icon-box\" data-id=\"5933ed6\" data-element_type=\"widget\" data-settings=\"{&quot;fbth_sticky&quot;:&quot;no&quot;}\" data-widget_type=\"fbth-icon-box.default\">\n\t\t\t\t<div class=\"elementor-widget-container\">\n\t\t\t\n\t\t\t<!-- box link  -->\n\t\t\t\n\t\t<div class=\"fbth-addons-feature-box-item fbth-addons-feature-icon-center fbth-addons-icon-position-top\">\n\n\t\t\t\t\t\t\t<div class=\"fbth-addons-feature-icon-wrap icon-background-yes align-items-top\">\n\t\t\t\t\t<span class=\"fbth-addons-feature-icon icon-type-image\">\n\t\t\t\t\t\t<img decoding=\"async\" src=\"https:\/\/mscyber.co\/wp-content\/uploads\/2024\/11\/Group-4.png\" title=\"Group (4)\" alt=\"Group (4)\" loading=\"lazy\" \/>\t\t\t\t\t<\/span>\n\t\t\t\t<\/div>\n\t\t\t\n\t\t\t<div class=\"fbth-addons-feature-content-wrap\">\n\t\t\t\t<div class=\"fbth-iconbox-addons-feature-content\">\n\t\t\t\t\t<h2 class=\"fbth-addons-feature-title\">Hardening Management<\/h2>\t\t\t\t\t\n\t\t\t\t\t\t\t\t\t\t\t<p class=\"fbth-size-default\">Strengthen security by applying patches, configuring access controls, and following best practices to reduce vulnerabilities. Regular evaluations and updates ensure system resilience, minimizing risks and reinforcing the organization\u2019s security posture. <\/p>\n\t\t\t\t\t\t\t\t\t<\/div>\n\t\t\t\t\n\t\t\t<\/div>\n\n\t\t<\/div> \n\n\t\t\t<!-- box link  -->\n\t\t\t\t\t\t<!-- box link  -->\n\t\t<\/div>\n\t\t\t\t<\/div>\n\t\t\t\t\t<\/div>\n\t\t<\/div>\n\t\t\t\t<div class=\"elementor-column elementor-col-33 elementor-inner-column elementor-element elementor-element-8a974b6 service-single-card-bg\" data-id=\"8a974b6\" data-element_type=\"column\" data-settings=\"{&quot;background_background&quot;:&quot;classic&quot;}\">\n\t\t\t<div class=\"elementor-widget-wrap elementor-element-populated\">\n\t\t\t\t\t\t<div class=\"elementor-element elementor-element-16cf7c0 FBTH-addons-sticky-no elementor-widget elementor-widget-fbth-icon-box\" data-id=\"16cf7c0\" data-element_type=\"widget\" data-settings=\"{&quot;fbth_sticky&quot;:&quot;no&quot;}\" data-widget_type=\"fbth-icon-box.default\">\n\t\t\t\t<div class=\"elementor-widget-container\">\n\t\t\t\n\t\t\t<!-- box link  -->\n\t\t\t\n\t\t<div class=\"fbth-addons-feature-box-item fbth-addons-feature-icon-center fbth-addons-icon-position-top\">\n\n\t\t\t\t\t\t\t<div class=\"fbth-addons-feature-icon-wrap icon-background-yes align-items-top\">\n\t\t\t\t\t<span class=\"fbth-addons-feature-icon icon-type-image\">\n\t\t\t\t\t\t<img decoding=\"async\" src=\"https:\/\/mscyber.co\/wp-content\/uploads\/2024\/11\/Group-1000003442.png\" title=\"Group 1000003442\" alt=\"Group 1000003442\" loading=\"lazy\" \/>\t\t\t\t\t<\/span>\n\t\t\t\t<\/div>\n\t\t\t\n\t\t\t<div class=\"fbth-addons-feature-content-wrap\">\n\t\t\t\t<div class=\"fbth-iconbox-addons-feature-content\">\n\t\t\t\t\t<h2 class=\"fbth-addons-feature-title\">Vulnerability Management<\/h2>\t\t\t\t\t\n\t\t\t\t\t\t\t\t\t\t\t<p class=\"fbth-size-default\">Identify and mitigate system flaws through continuous scanning, prioritized corrections, and patch application. This process ensures a solid defense against exploitations. With constant monitoring, your organization reduces its attack surface, enhances security, and protects itself proactively against breaches.<\/p>\n\t\t\t\t\t\t\t\t\t<\/div>\n\t\t\t\t\n\t\t\t<\/div>\n\n\t\t<\/div> \n\n\t\t\t<!-- box link  -->\n\t\t\t\t\t\t<!-- box link  -->\n\t\t<\/div>\n\t\t\t\t<\/div>\n\t\t\t\t\t<\/div>\n\t\t<\/div>\n\t\t\t\t\t<\/div>\n\t\t<\/section>\n\t\t\t\t<section class=\"elementor-section elementor-inner-section elementor-element elementor-element-f963eec elementor-section-content-middle elementor-reverse-tablet elementor-reverse-mobile elementor-section-boxed elementor-section-height-default elementor-section-height-default fbth-custom-animation-no FBTH-addons-sticky-no\" data-id=\"f963eec\" data-element_type=\"section\" data-settings=\"{&quot;background_background&quot;:&quot;classic&quot;,&quot;fbth_animation_on&quot;:&quot;no&quot;,&quot;_ha_eqh_enable&quot;:false,&quot;fbth_sticky&quot;:&quot;no&quot;}\">\n\t\t\t\t\t\t<div class=\"elementor-container elementor-column-gap-default\">\n\t\t\t\t\t<div class=\"elementor-column elementor-col-50 elementor-inner-column elementor-element elementor-element-3e53f52\" data-id=\"3e53f52\" data-element_type=\"column\">\n\t\t\t<div class=\"elementor-widget-wrap elementor-element-populated\">\n\t\t\t\t\t\t<div class=\"elementor-element elementor-element-6a7f5d5 FBTH-addons-sticky-no elementor-widget elementor-widget-fbth-title\" data-id=\"6a7f5d5\" data-element_type=\"widget\" data-settings=\"{&quot;fbth_sticky&quot;:&quot;no&quot;}\" data-widget_type=\"fbth-title.default\">\n\t\t\t\t<div class=\"elementor-widget-container\">\n\t\t\t<h3 class=\"fbth-addons-title show-line-no\">Ready to Enhance Your Security Measures?<\/h3>\t\t<\/div>\n\t\t\t\t<\/div>\n\t\t\t\t<div class=\"elementor-element elementor-element-0c81ceb fbth-size-default FBTH-addons-sticky-no elementor-widget elementor-widget-fbth-text-editor\" data-id=\"0c81ceb\" data-element_type=\"widget\" data-settings=\"{&quot;fbth_sticky&quot;:&quot;no&quot;}\" data-widget_type=\"fbth-text-editor.default\">\n\t\t\t\t<div class=\"elementor-widget-container\">\n\t\t\t\t\t\t\t\t<div class=\"fbth-text-editor fbth-clearfix\">\n\t\t\t\t\t\t\t\t\t\t<p class=\"fbth-size-default\"><p>Join us to build robust barriers against cyber threats. Together, we will create a resilient defense against fraud and digital attacks. Connect with us and discover how to make your security stronger!<\/p><\/p>\n\t\t\t\t\t\t\t\t\t<\/div>\n\t\t\t\t<\/div>\n\t\t\t\t<\/div>\n\t\t\t\t<div class=\"elementor-element elementor-element-c3f2d54 FBTH-addons-sticky-no elementor-widget elementor-widget-fbth-creative-button\" data-id=\"c3f2d54\" data-element_type=\"widget\" data-settings=\"{&quot;fbth_sticky&quot;:&quot;no&quot;}\" data-widget_type=\"fbth-creative-button.default\">\n\t\t\t\t<div class=\"elementor-widget-container\">\n\t\t\t\t\t<div data-magnetic=\"no\" class=\"fbth-creative-btn-wrap\">\n\t\t\t<a class=\"fbth-creative-btn fbth-stl--hermosa fbth-eft--exploit\" href=\"https:\/\/mscyber.co\/contact-us\/\" rel=\"nofollow\"><span>Talk to a Specialist Now <\/span><\/a>\n\t\t<\/div>\t\t<\/div>\n\t\t\t\t<\/div>\n\t\t\t\t\t<\/div>\n\t\t<\/div>\n\t\t\t\t<div class=\"elementor-column elementor-col-50 elementor-inner-column elementor-element elementor-element-6c6a034\" data-id=\"6c6a034\" data-element_type=\"column\" data-settings=\"{&quot;background_background&quot;:&quot;classic&quot;}\">\n\t\t\t<div class=\"elementor-widget-wrap elementor-element-populated\">\n\t\t\t\t\t\t<div class=\"elementor-element elementor-element-6c83bd8 elementor-widget__width-initial FBTH-addons-sticky-no elementor-widget elementor-widget-image\" data-id=\"6c83bd8\" data-element_type=\"widget\" data-settings=\"{&quot;fbth_sticky&quot;:&quot;no&quot;}\" data-widget_type=\"image.default\">\n\t\t\t\t<div class=\"elementor-widget-container\">\n\t\t\t\t\t\t\t\t\t\t\t\t\t<img fetchpriority=\"high\" decoding=\"async\" width=\"1062\" height=\"1061\" src=\"https:\/\/mscyber.co\/wp-content\/uploads\/2024\/10\/cta-img-bg.png\" class=\"attachment-full size-full wp-image-87\" alt=\"blue dot\" srcset=\"https:\/\/mscyber.co\/wp-content\/uploads\/2024\/10\/cta-img-bg.png 1062w, https:\/\/mscyber.co\/wp-content\/uploads\/2024\/10\/cta-img-bg-300x300.png 300w, https:\/\/mscyber.co\/wp-content\/uploads\/2024\/10\/cta-img-bg-100x100.png 100w, https:\/\/mscyber.co\/wp-content\/uploads\/2024\/10\/cta-img-bg-600x599.png 600w, https:\/\/mscyber.co\/wp-content\/uploads\/2024\/10\/cta-img-bg-1024x1024.png 1024w, https:\/\/mscyber.co\/wp-content\/uploads\/2024\/10\/cta-img-bg-150x150.png 150w, https:\/\/mscyber.co\/wp-content\/uploads\/2024\/10\/cta-img-bg-768x767.png 768w\" sizes=\"(max-width: 1062px) 100vw, 1062px\" \/>\t\t\t\t\t\t\t\t\t\t\t\t\t<\/div>\n\t\t\t\t<\/div>\n\t\t\t\t<div class=\"elementor-element elementor-element-c4aaa18 FBTH-addons-sticky-no ha-has-bg-overlay elementor-widget elementor-widget-image\" data-id=\"c4aaa18\" data-element_type=\"widget\" data-settings=\"{&quot;fbth_sticky&quot;:&quot;no&quot;}\" data-widget_type=\"image.default\">\n\t\t\t\t<div class=\"elementor-widget-container\">\n\t\t\t\t\t\t\t\t\t\t\t\t\t<img decoding=\"async\" width=\"430\" height=\"381\" src=\"https:\/\/mscyber.co\/wp-content\/uploads\/2024\/10\/mer-cta-image.png\" class=\"attachment-large size-large wp-image-88\" alt=\"security solutions\" srcset=\"https:\/\/mscyber.co\/wp-content\/uploads\/2024\/10\/mer-cta-image.png 430w, https:\/\/mscyber.co\/wp-content\/uploads\/2024\/10\/mer-cta-image-300x266.png 300w\" sizes=\"(max-width: 430px) 100vw, 430px\" \/>\t\t\t\t\t\t\t\t\t\t\t\t\t<\/div>\n\t\t\t\t<\/div>\n\t\t\t\t\t<\/div>\n\t\t<\/div>\n\t\t\t\t\t<\/div>\n\t\t<\/section>\n\t\t\t\t\t<\/div>\n\t\t<\/div>\n\t\t\t\t\t<\/div>\n\t\t<\/section>\n\t\t\t\t<\/div>\n\t\t","protected":false},"excerpt":{"rendered":"<p>Preven\u00e7\u00e3o e monitoramento Adote medidas de seguran\u00e7a robustas com auditorias regulares e treinamento abrangente para mitigar proativamente as amea\u00e7as cibern\u00e9ticas e proteger contra vulnerabilidades. O monitoramento cont\u00ednuo permite<\/p>","protected":false},"author":1,"featured_media":0,"parent":0,"menu_order":0,"comment_status":"closed","ping_status":"closed","template":"elementor_header_footer","meta":{"inline_featured_image":false,"_monsterinsights_skip_tracking":false,"_monsterinsights_sitenote_active":false,"_monsterinsights_sitenote_note":"","_monsterinsights_sitenote_category":0,"two_page_speed":[],"footnotes":""},"class_list":["post-430","page","type-page","status-publish","hentry"],"aioseo_notices":[],"yoast_head":"<!-- This site is optimized with the Yoast SEO plugin v27.3 - https:\/\/yoast.com\/product\/yoast-seo-wordpress\/ -->\n<title>Proactive Cybersecurity | Prevention, Monitoring, Vulnerability Management<\/title>\n<meta name=\"description\" content=\"Protect your organization from cyber threats with our proactive cybersecurity solutions, featuring vulnerability management and continuous monitoring.\" \/>\n<meta name=\"robots\" content=\"index, follow, max-snippet:-1, max-image-preview:large, max-video-preview:-1\" \/>\n<link rel=\"canonical\" href=\"https:\/\/mscyber.co\/pt\/seguranca-cibernetica-proativa-prevencao-monitoramento-gerenciamento-de-vulnerabilidades\/\" \/>\n<meta property=\"og:locale\" content=\"pt_BR\" \/>\n<meta property=\"og:type\" content=\"article\" \/>\n<meta property=\"og:title\" content=\"Proactive Cybersecurity | Prevention, Monitoring, Vulnerability Management\" \/>\n<meta property=\"og:description\" content=\"Protect your organization from cyber threats with our proactive cybersecurity solutions, featuring vulnerability management and continuous monitoring.\" \/>\n<meta property=\"og:url\" content=\"https:\/\/mscyber.co\/pt\/seguranca-cibernetica-proativa-prevencao-monitoramento-gerenciamento-de-vulnerabilidades\/\" \/>\n<meta property=\"og:site_name\" content=\"Mercurius Cyber &amp; Fraud Defense\" \/>\n<meta property=\"article:modified_time\" content=\"2025-03-31T10:53:28+00:00\" \/>\n<meta property=\"og:image\" content=\"https:\/\/mscyber.co\/wp-content\/uploads\/2024\/11\/Group-1000003392.png\" \/>\n<meta name=\"twitter:card\" content=\"summary_large_image\" \/>\n<meta name=\"twitter:label1\" content=\"Est. tempo de leitura\" \/>\n\t<meta name=\"twitter:data1\" content=\"2 minutos\" \/>\n<script type=\"application\/ld+json\" class=\"yoast-schema-graph\">{\"@context\":\"https:\\\/\\\/schema.org\",\"@graph\":[{\"@type\":\"WebPage\",\"@id\":\"https:\\\/\\\/mscyber.co\\\/proactive-cybersecurity-prevention-monitoring-vulnerability-management\\\/\",\"url\":\"https:\\\/\\\/mscyber.co\\\/proactive-cybersecurity-prevention-monitoring-vulnerability-management\\\/\",\"name\":\"Proactive Cybersecurity | Prevention, Monitoring, Vulnerability Management\",\"isPartOf\":{\"@id\":\"https:\\\/\\\/mscyber.co\\\/#website\"},\"primaryImageOfPage\":{\"@id\":\"https:\\\/\\\/mscyber.co\\\/proactive-cybersecurity-prevention-monitoring-vulnerability-management\\\/#primaryimage\"},\"image\":{\"@id\":\"https:\\\/\\\/mscyber.co\\\/proactive-cybersecurity-prevention-monitoring-vulnerability-management\\\/#primaryimage\"},\"thumbnailUrl\":\"https:\\\/\\\/mscyber.co\\\/wp-content\\\/uploads\\\/2024\\\/11\\\/Group-1000003392.png\",\"datePublished\":\"2024-11-08T08:44:18+00:00\",\"dateModified\":\"2025-03-31T10:53:28+00:00\",\"description\":\"Protect your organization from cyber threats with our proactive cybersecurity solutions, featuring vulnerability management and continuous monitoring.\",\"breadcrumb\":{\"@id\":\"https:\\\/\\\/mscyber.co\\\/proactive-cybersecurity-prevention-monitoring-vulnerability-management\\\/#breadcrumb\"},\"inLanguage\":\"pt-BR\",\"potentialAction\":[{\"@type\":\"ReadAction\",\"target\":[\"https:\\\/\\\/mscyber.co\\\/proactive-cybersecurity-prevention-monitoring-vulnerability-management\\\/\"]}]},{\"@type\":\"ImageObject\",\"inLanguage\":\"pt-BR\",\"@id\":\"https:\\\/\\\/mscyber.co\\\/proactive-cybersecurity-prevention-monitoring-vulnerability-management\\\/#primaryimage\",\"url\":\"https:\\\/\\\/mscyber.co\\\/wp-content\\\/uploads\\\/2024\\\/11\\\/Group-1000003392.png\",\"contentUrl\":\"https:\\\/\\\/mscyber.co\\\/wp-content\\\/uploads\\\/2024\\\/11\\\/Group-1000003392.png\"},{\"@type\":\"BreadcrumbList\",\"@id\":\"https:\\\/\\\/mscyber.co\\\/proactive-cybersecurity-prevention-monitoring-vulnerability-management\\\/#breadcrumb\",\"itemListElement\":[{\"@type\":\"ListItem\",\"position\":1,\"name\":\"Home\",\"item\":\"https:\\\/\\\/mscyber.co\\\/\"},{\"@type\":\"ListItem\",\"position\":2,\"name\":\"Prevent &#038; Monitoring Page\"}]},{\"@type\":\"WebSite\",\"@id\":\"https:\\\/\\\/mscyber.co\\\/#website\",\"url\":\"https:\\\/\\\/mscyber.co\\\/\",\"name\":\"Mercurius Cyber & Fraud Defense\",\"description\":\"Protect your business against digital fraud with artificial intelligence.\",\"potentialAction\":[{\"@type\":\"SearchAction\",\"target\":{\"@type\":\"EntryPoint\",\"urlTemplate\":\"https:\\\/\\\/mscyber.co\\\/?s={search_term_string}\"},\"query-input\":{\"@type\":\"PropertyValueSpecification\",\"valueRequired\":true,\"valueName\":\"search_term_string\"}}],\"inLanguage\":\"pt-BR\"}]}<\/script>\n<!-- \/ Yoast SEO plugin. -->","yoast_head_json":{"title":"Seguran\u00e7a cibern\u00e9tica proativa - Preven\u00e7\u00e3o, monitoramento, gerenciamento de vulnerabilidades","description":"Proteja sua organiza\u00e7\u00e3o contra amea\u00e7as cibern\u00e9ticas com nossas solu\u00e7\u00f5es proativas de seguran\u00e7a cibern\u00e9tica, que incluem gerenciamento de vulnerabilidades e monitoramento cont\u00ednuo.","robots":{"index":"index","follow":"follow","max-snippet":"max-snippet:-1","max-image-preview":"max-image-preview:large","max-video-preview":"max-video-preview:-1"},"canonical":"https:\/\/mscyber.co\/pt\/seguranca-cibernetica-proativa-prevencao-monitoramento-gerenciamento-de-vulnerabilidades\/","og_locale":"pt_BR","og_type":"article","og_title":"Proactive Cybersecurity | Prevention, Monitoring, Vulnerability Management","og_description":"Protect your organization from cyber threats with our proactive cybersecurity solutions, featuring vulnerability management and continuous monitoring.","og_url":"https:\/\/mscyber.co\/pt\/seguranca-cibernetica-proativa-prevencao-monitoramento-gerenciamento-de-vulnerabilidades\/","og_site_name":"Mercurius Cyber &amp; Fraud Defense","article_modified_time":"2025-03-31T10:53:28+00:00","og_image":[{"url":"https:\/\/mscyber.co\/wp-content\/uploads\/2024\/11\/Group-1000003392.png","type":"","width":"","height":""}],"twitter_card":"summary_large_image","twitter_misc":{"Est. tempo de leitura":"2 minutos"},"schema":{"@context":"https:\/\/schema.org","@graph":[{"@type":"WebPage","@id":"https:\/\/mscyber.co\/proactive-cybersecurity-prevention-monitoring-vulnerability-management\/","url":"https:\/\/mscyber.co\/proactive-cybersecurity-prevention-monitoring-vulnerability-management\/","name":"Seguran\u00e7a cibern\u00e9tica proativa - Preven\u00e7\u00e3o, monitoramento, gerenciamento de vulnerabilidades","isPartOf":{"@id":"https:\/\/mscyber.co\/#website"},"primaryImageOfPage":{"@id":"https:\/\/mscyber.co\/proactive-cybersecurity-prevention-monitoring-vulnerability-management\/#primaryimage"},"image":{"@id":"https:\/\/mscyber.co\/proactive-cybersecurity-prevention-monitoring-vulnerability-management\/#primaryimage"},"thumbnailUrl":"https:\/\/mscyber.co\/wp-content\/uploads\/2024\/11\/Group-1000003392.png","datePublished":"2024-11-08T08:44:18+00:00","dateModified":"2025-03-31T10:53:28+00:00","description":"Proteja sua organiza\u00e7\u00e3o contra amea\u00e7as cibern\u00e9ticas com nossas solu\u00e7\u00f5es proativas de seguran\u00e7a cibern\u00e9tica, que incluem gerenciamento de vulnerabilidades e monitoramento cont\u00ednuo.","breadcrumb":{"@id":"https:\/\/mscyber.co\/proactive-cybersecurity-prevention-monitoring-vulnerability-management\/#breadcrumb"},"inLanguage":"pt-BR","potentialAction":[{"@type":"ReadAction","target":["https:\/\/mscyber.co\/proactive-cybersecurity-prevention-monitoring-vulnerability-management\/"]}]},{"@type":"ImageObject","inLanguage":"pt-BR","@id":"https:\/\/mscyber.co\/proactive-cybersecurity-prevention-monitoring-vulnerability-management\/#primaryimage","url":"https:\/\/mscyber.co\/wp-content\/uploads\/2024\/11\/Group-1000003392.png","contentUrl":"https:\/\/mscyber.co\/wp-content\/uploads\/2024\/11\/Group-1000003392.png"},{"@type":"BreadcrumbList","@id":"https:\/\/mscyber.co\/proactive-cybersecurity-prevention-monitoring-vulnerability-management\/#breadcrumb","itemListElement":[{"@type":"ListItem","position":1,"name":"Home","item":"https:\/\/mscyber.co\/"},{"@type":"ListItem","position":2,"name":"Prevent &#038; Monitoring Page"}]},{"@type":"WebSite","@id":"https:\/\/mscyber.co\/#website","url":"https:\/\/mscyber.co\/","name":"Defesa cibern\u00e9tica e contra fraudes da Mercurius","description":"Proteja sua empresa contra fraudes digitais com intelig\u00eancia artificial.","potentialAction":[{"@type":"SearchAction","target":{"@type":"EntryPoint","urlTemplate":"https:\/\/mscyber.co\/?s={search_term_string}"},"query-input":{"@type":"PropertyValueSpecification","valueRequired":true,"valueName":"search_term_string"}}],"inLanguage":"pt-BR"}]}},"_hostinger_reach_plugin_has_subscription_block":false,"_hostinger_reach_plugin_is_elementor":false,"_links":{"self":[{"href":"https:\/\/mscyber.co\/pt\/wp-json\/wp\/v2\/pages\/430","targetHints":{"allow":["GET"]}}],"collection":[{"href":"https:\/\/mscyber.co\/pt\/wp-json\/wp\/v2\/pages"}],"about":[{"href":"https:\/\/mscyber.co\/pt\/wp-json\/wp\/v2\/types\/page"}],"author":[{"embeddable":true,"href":"https:\/\/mscyber.co\/pt\/wp-json\/wp\/v2\/users\/1"}],"replies":[{"embeddable":true,"href":"https:\/\/mscyber.co\/pt\/wp-json\/wp\/v2\/comments?post=430"}],"version-history":[{"count":28,"href":"https:\/\/mscyber.co\/pt\/wp-json\/wp\/v2\/pages\/430\/revisions"}],"predecessor-version":[{"id":1910,"href":"https:\/\/mscyber.co\/pt\/wp-json\/wp\/v2\/pages\/430\/revisions\/1910"}],"wp:attachment":[{"href":"https:\/\/mscyber.co\/pt\/wp-json\/wp\/v2\/media?parent=430"}],"curies":[{"name":"wp","href":"https:\/\/api.w.org\/{rel}","templated":true}]}}