{"id":421,"date":"2024-11-08T08:27:38","date_gmt":"2024-11-08T08:27:38","guid":{"rendered":"https:\/\/mscyber.co\/?page_id=421"},"modified":"2025-03-28T07:11:20","modified_gmt":"2025-03-28T07:11:20","slug":"resposta-a-incidentes","status":"publish","type":"page","link":"https:\/\/mscyber.co\/pt\/incident-response\/","title":{"rendered":"P\u00e1gina de resposta a incidentes"},"content":{"rendered":"\t\t<div data-elementor-type=\"wp-page\" data-elementor-id=\"421\" class=\"elementor elementor-421\" data-elementor-settings=\"{&quot;ha_cmc_init_switcher&quot;:&quot;no&quot;}\">\n\t\t\t\t\t\t<section class=\"elementor-section elementor-top-section elementor-element elementor-element-6607661 elementor-section-boxed elementor-section-height-default elementor-section-height-default fbth-custom-animation-no FBTH-addons-sticky-no\" data-id=\"6607661\" data-element_type=\"section\" data-settings=\"{&quot;background_background&quot;:&quot;classic&quot;,&quot;fbth_animation_on&quot;:&quot;no&quot;,&quot;_ha_eqh_enable&quot;:false,&quot;fbth_sticky&quot;:&quot;no&quot;}\">\n\t\t\t\t\t\t<div class=\"elementor-container elementor-column-gap-default\">\n\t\t\t\t\t<div class=\"elementor-column elementor-col-100 elementor-top-column elementor-element elementor-element-d94c43f\" data-id=\"d94c43f\" data-element_type=\"column\">\n\t\t\t<div class=\"elementor-widget-wrap elementor-element-populated\">\n\t\t\t\t\t\t<section class=\"elementor-section elementor-inner-section elementor-element elementor-element-c83e251 elementor-section-boxed elementor-section-height-default elementor-section-height-default fbth-custom-animation-no FBTH-addons-sticky-no\" data-id=\"c83e251\" data-element_type=\"section\" data-settings=\"{&quot;_ha_eqh_enable&quot;:&quot;yes&quot;,&quot;_ha_eqh_widget&quot;:[&quot;fbth-icon-box&quot;],&quot;fbth_animation_on&quot;:&quot;no&quot;,&quot;_ha_eqh_to&quot;:&quot;widget&quot;,&quot;_ha_eqh_disable_on_tablet&quot;:&quot;no&quot;,&quot;_ha_eqh_disable_on_mobile&quot;:&quot;yes&quot;,&quot;fbth_sticky&quot;:&quot;no&quot;}\">\n\t\t\t\t\t\t<div class=\"elementor-container elementor-column-gap-default\">\n\t\t\t\t\t<div class=\"elementor-column elementor-col-33 elementor-inner-column elementor-element elementor-element-52bb482 service-single-card-bg\" data-id=\"52bb482\" data-element_type=\"column\" data-settings=\"{&quot;background_background&quot;:&quot;classic&quot;}\">\n\t\t\t<div class=\"elementor-widget-wrap elementor-element-populated\">\n\t\t\t\t\t\t<div class=\"elementor-element elementor-element-31e03d5 FBTH-addons-sticky-no elementor-widget elementor-widget-fbth-icon-box\" data-id=\"31e03d5\" data-element_type=\"widget\" data-settings=\"{&quot;fbth_sticky&quot;:&quot;no&quot;}\" data-widget_type=\"fbth-icon-box.default\">\n\t\t\t\t<div class=\"elementor-widget-container\">\n\t\t\t\n\t\t\t<!-- box link  -->\n\t\t\t\n\t\t<div class=\"fbth-addons-feature-box-item fbth-addons-feature-icon-center fbth-addons-icon-position-top\">\n\n\t\t\t\t\t\t\t<div class=\"fbth-addons-feature-icon-wrap icon-background-yes align-items-top\">\n\t\t\t\t\t<span class=\"fbth-addons-feature-icon icon-type-image\">\n\t\t\t\t\t\t<img decoding=\"async\" src=\"https:\/\/mscyber.co\/wp-content\/uploads\/2024\/11\/Group-1.png\" title=\"Group (1)\" alt=\"Group (1)\" loading=\"lazy\" \/>\t\t\t\t\t<\/span>\n\t\t\t\t<\/div>\n\t\t\t\n\t\t\t<div class=\"fbth-addons-feature-content-wrap\">\n\t\t\t\t<div class=\"fbth-iconbox-addons-feature-content\">\n\t\t\t\t\t<h1 class=\"fbth-addons-feature-title\">Incident Response<\/h1>\t\t\t\t\t\n\t\t\t\t\t\t\t\t\t\t\t<p class=\"fbth-size-default\">Ensure an effective response to incidents with Mercurius! Detect, manage, and neutralize cyber threats quickly and efficiently. Our specialized team minimizes impact and restores operations with agility, strengthening your resilience through a strategic plan. Protect your operations, reduce interruptions, and ensure business continuity.<\/p>\n\t\t\t\t\t\t\t\t\t<\/div>\n\t\t\t\t\n\t\t\t<\/div>\n\n\t\t<\/div> \n\n\t\t\t<!-- box link  -->\n\t\t\t\t\t\t<!-- box link  -->\n\t\t<\/div>\n\t\t\t\t<\/div>\n\t\t\t\t\t<\/div>\n\t\t<\/div>\n\t\t\t\t<div class=\"elementor-column elementor-col-33 elementor-inner-column elementor-element elementor-element-72326b6 service-single-card-bg\" data-id=\"72326b6\" data-element_type=\"column\" data-settings=\"{&quot;background_background&quot;:&quot;classic&quot;}\">\n\t\t\t<div class=\"elementor-widget-wrap elementor-element-populated\">\n\t\t\t\t\t\t<div class=\"elementor-element elementor-element-5933ed6 FBTH-addons-sticky-no elementor-widget elementor-widget-fbth-icon-box\" data-id=\"5933ed6\" data-element_type=\"widget\" data-settings=\"{&quot;fbth_sticky&quot;:&quot;no&quot;}\" data-widget_type=\"fbth-icon-box.default\">\n\t\t\t\t<div class=\"elementor-widget-container\">\n\t\t\t\n\t\t\t<!-- box link  -->\n\t\t\t\n\t\t<div class=\"fbth-addons-feature-box-item fbth-addons-feature-icon-center fbth-addons-icon-position-top\">\n\n\t\t\t\t\t\t\t<div class=\"fbth-addons-feature-icon-wrap icon-background-yes align-items-top\">\n\t\t\t\t\t<span class=\"fbth-addons-feature-icon icon-type-image\">\n\t\t\t\t\t\t<img decoding=\"async\" src=\"https:\/\/mscyber.co\/wp-content\/uploads\/2024\/11\/Group-2.png\" title=\"Group (2)\" alt=\"Group (2)\" loading=\"lazy\" \/>\t\t\t\t\t<\/span>\n\t\t\t\t<\/div>\n\t\t\t\n\t\t\t<div class=\"fbth-addons-feature-content-wrap\">\n\t\t\t\t<div class=\"fbth-iconbox-addons-feature-content\">\n\t\t\t\t\t<h2 class=\"fbth-addons-feature-title\">AI-Driven Incident Response<\/h2>\t\t\t\t\t\n\t\t\t\t\t\t\t\t\t\t\t<p class=\"fbth-size-default\">Enhance your incident response with Mercurius & Radiant Security\u2019s Artificial Intelligence! Tackle cyber threats intelligently with a more efficient SOC that prioritizes and analyzes alerts precisely. Our approach automates triage, closes security gaps, and strengthens your defenses. Revolutionize your security operations with effective and continuous response.<\/p>\n\t\t\t\t\t\t\t\t\t<\/div>\n\t\t\t\t\n\t\t\t<\/div>\n\n\t\t<\/div> \n\n\t\t\t<!-- box link  -->\n\t\t\t\t\t\t<!-- box link  -->\n\t\t<\/div>\n\t\t\t\t<\/div>\n\t\t\t\t\t<\/div>\n\t\t<\/div>\n\t\t\t\t<div class=\"elementor-column elementor-col-33 elementor-inner-column elementor-element elementor-element-8a974b6 service-single-card-bg\" data-id=\"8a974b6\" data-element_type=\"column\" data-settings=\"{&quot;background_background&quot;:&quot;classic&quot;}\">\n\t\t\t<div class=\"elementor-widget-wrap elementor-element-populated\">\n\t\t\t\t\t\t<div class=\"elementor-element elementor-element-16cf7c0 FBTH-addons-sticky-no elementor-widget elementor-widget-fbth-icon-box\" data-id=\"16cf7c0\" data-element_type=\"widget\" data-settings=\"{&quot;fbth_sticky&quot;:&quot;no&quot;}\" data-widget_type=\"fbth-icon-box.default\">\n\t\t\t\t<div class=\"elementor-widget-container\">\n\t\t\t\n\t\t\t<!-- box link  -->\n\t\t\t\n\t\t<div class=\"fbth-addons-feature-box-item fbth-addons-feature-icon-center fbth-addons-icon-position-top\">\n\n\t\t\t\t\t\t\t<div class=\"fbth-addons-feature-icon-wrap icon-background-yes align-items-top\">\n\t\t\t\t\t<span class=\"fbth-addons-feature-icon icon-type-image\">\n\t\t\t\t\t\t<img decoding=\"async\" src=\"https:\/\/mscyber.co\/wp-content\/uploads\/2024\/11\/Group-3.png\" title=\"Group (3)\" alt=\"Group (3)\" loading=\"lazy\" \/>\t\t\t\t\t<\/span>\n\t\t\t\t<\/div>\n\t\t\t\n\t\t\t<div class=\"fbth-addons-feature-content-wrap\">\n\t\t\t\t<div class=\"fbth-iconbox-addons-feature-content\">\n\t\t\t\t\t<h2 class=\"fbth-addons-feature-title\">Digital Forensics<\/h2>\t\t\t\t\t\n\t\t\t\t\t\t\t\t\t\t\t<p class=\"fbth-size-default\">Digital forensics is the foundation for secure and precise legal investigations. We collect, analyze, and preserve digital evidence with specialized techniques, ensuring the integrity and authenticity of information. We provide essential support for investigations and litigation, guaranteeing consistent and robust forensic evidence.<\/p>\n\t\t\t\t\t\t\t\t\t<\/div>\n\t\t\t\t\n\t\t\t<\/div>\n\n\t\t<\/div> \n\n\t\t\t<!-- box link  -->\n\t\t\t\t\t\t<!-- box link  -->\n\t\t<\/div>\n\t\t\t\t<\/div>\n\t\t\t\t\t<\/div>\n\t\t<\/div>\n\t\t\t\t\t<\/div>\n\t\t<\/section>\n\t\t\t\t<section class=\"elementor-section elementor-inner-section elementor-element elementor-element-55bf2e9 elementor-section-content-middle elementor-reverse-tablet elementor-reverse-mobile elementor-section-boxed elementor-section-height-default elementor-section-height-default fbth-custom-animation-no FBTH-addons-sticky-no\" data-id=\"55bf2e9\" data-element_type=\"section\" data-settings=\"{&quot;background_background&quot;:&quot;classic&quot;,&quot;fbth_animation_on&quot;:&quot;no&quot;,&quot;_ha_eqh_enable&quot;:false,&quot;fbth_sticky&quot;:&quot;no&quot;}\">\n\t\t\t\t\t\t<div class=\"elementor-container elementor-column-gap-default\">\n\t\t\t\t\t<div class=\"elementor-column elementor-col-50 elementor-inner-column elementor-element elementor-element-bfae228\" data-id=\"bfae228\" data-element_type=\"column\">\n\t\t\t<div class=\"elementor-widget-wrap elementor-element-populated\">\n\t\t\t\t\t\t<div class=\"elementor-element elementor-element-73090f3 FBTH-addons-sticky-no elementor-widget elementor-widget-fbth-title\" data-id=\"73090f3\" data-element_type=\"widget\" data-settings=\"{&quot;fbth_sticky&quot;:&quot;no&quot;}\" data-widget_type=\"fbth-title.default\">\n\t\t\t\t<div class=\"elementor-widget-container\">\n\t\t\t<h3 class=\"fbth-addons-title show-line-no\">Ready to Enhance Your Security Measures?<\/h3>\t\t<\/div>\n\t\t\t\t<\/div>\n\t\t\t\t<div class=\"elementor-element elementor-element-e24f305 fbth-size-default FBTH-addons-sticky-no elementor-widget elementor-widget-fbth-text-editor\" data-id=\"e24f305\" data-element_type=\"widget\" data-settings=\"{&quot;fbth_sticky&quot;:&quot;no&quot;}\" data-widget_type=\"fbth-text-editor.default\">\n\t\t\t\t<div class=\"elementor-widget-container\">\n\t\t\t\t\t\t\t\t<div class=\"fbth-text-editor fbth-clearfix\">\n\t\t\t\t\t\t\t\t\t\t<p class=\"fbth-size-default\"><p>Join us to build robust barriers against cyber threats. Together, we will create a resilient defense against fraud and digital attacks. Connect with us and discover how to make your security stronger!<\/p><\/p>\n\t\t\t\t\t\t\t\t\t<\/div>\n\t\t\t\t<\/div>\n\t\t\t\t<\/div>\n\t\t\t\t<div class=\"elementor-element elementor-element-31ca214 FBTH-addons-sticky-no elementor-widget elementor-widget-fbth-creative-button\" data-id=\"31ca214\" data-element_type=\"widget\" data-settings=\"{&quot;fbth_sticky&quot;:&quot;no&quot;}\" data-widget_type=\"fbth-creative-button.default\">\n\t\t\t\t<div class=\"elementor-widget-container\">\n\t\t\t\t\t<div data-magnetic=\"no\" class=\"fbth-creative-btn-wrap\">\n\t\t\t<a class=\"fbth-creative-btn fbth-stl--hermosa fbth-eft--exploit\" href=\"https:\/\/mscyber.co\/contact-us\/\" rel=\"nofollow\"><span>Talk to a Specialist Now <\/span><\/a>\n\t\t<\/div>\t\t<\/div>\n\t\t\t\t<\/div>\n\t\t\t\t\t<\/div>\n\t\t<\/div>\n\t\t\t\t<div class=\"elementor-column elementor-col-50 elementor-inner-column elementor-element elementor-element-67c5a56\" data-id=\"67c5a56\" data-element_type=\"column\" data-settings=\"{&quot;background_background&quot;:&quot;classic&quot;}\">\n\t\t\t<div class=\"elementor-widget-wrap elementor-element-populated\">\n\t\t\t\t\t\t<div class=\"elementor-element elementor-element-eb4f1d7 elementor-widget__width-initial FBTH-addons-sticky-no elementor-widget elementor-widget-image\" data-id=\"eb4f1d7\" data-element_type=\"widget\" data-settings=\"{&quot;fbth_sticky&quot;:&quot;no&quot;}\" data-widget_type=\"image.default\">\n\t\t\t\t<div class=\"elementor-widget-container\">\n\t\t\t\t\t\t\t\t\t\t\t\t\t<img fetchpriority=\"high\" decoding=\"async\" width=\"1062\" height=\"1061\" src=\"https:\/\/mscyber.co\/wp-content\/uploads\/2024\/10\/cta-img-bg.png\" class=\"attachment-full size-full wp-image-87\" alt=\"blue dot\" srcset=\"https:\/\/mscyber.co\/wp-content\/uploads\/2024\/10\/cta-img-bg.png 1062w, https:\/\/mscyber.co\/wp-content\/uploads\/2024\/10\/cta-img-bg-300x300.png 300w, https:\/\/mscyber.co\/wp-content\/uploads\/2024\/10\/cta-img-bg-100x100.png 100w, https:\/\/mscyber.co\/wp-content\/uploads\/2024\/10\/cta-img-bg-600x599.png 600w, https:\/\/mscyber.co\/wp-content\/uploads\/2024\/10\/cta-img-bg-1024x1024.png 1024w, https:\/\/mscyber.co\/wp-content\/uploads\/2024\/10\/cta-img-bg-150x150.png 150w, https:\/\/mscyber.co\/wp-content\/uploads\/2024\/10\/cta-img-bg-768x767.png 768w\" sizes=\"(max-width: 1062px) 100vw, 1062px\" \/>\t\t\t\t\t\t\t\t\t\t\t\t\t<\/div>\n\t\t\t\t<\/div>\n\t\t\t\t<div class=\"elementor-element elementor-element-23ade95 FBTH-addons-sticky-no ha-has-bg-overlay elementor-widget elementor-widget-image\" data-id=\"23ade95\" data-element_type=\"widget\" data-settings=\"{&quot;fbth_sticky&quot;:&quot;no&quot;}\" data-widget_type=\"image.default\">\n\t\t\t\t<div class=\"elementor-widget-container\">\n\t\t\t\t\t\t\t\t\t\t\t\t\t<img decoding=\"async\" width=\"430\" height=\"381\" src=\"https:\/\/mscyber.co\/wp-content\/uploads\/2024\/10\/mer-cta-image.png\" class=\"attachment-large size-large wp-image-88\" alt=\"security solutions\" srcset=\"https:\/\/mscyber.co\/wp-content\/uploads\/2024\/10\/mer-cta-image.png 430w, https:\/\/mscyber.co\/wp-content\/uploads\/2024\/10\/mer-cta-image-300x266.png 300w\" sizes=\"(max-width: 430px) 100vw, 430px\" \/>\t\t\t\t\t\t\t\t\t\t\t\t\t<\/div>\n\t\t\t\t<\/div>\n\t\t\t\t\t<\/div>\n\t\t<\/div>\n\t\t\t\t\t<\/div>\n\t\t<\/section>\n\t\t\t\t\t<\/div>\n\t\t<\/div>\n\t\t\t\t\t<\/div>\n\t\t<\/section>\n\t\t\t\t<\/div>\n\t\t","protected":false},"excerpt":{"rendered":"<p>Resposta a incidentes Garanta uma resposta eficaz a incidentes com a Mercurius! Detecte, gerencie e neutralize amea\u00e7as cibern\u00e9ticas de forma r\u00e1pida e eficiente. Nossa equipe especializada minimiza o impacto e<\/p>","protected":false},"author":1,"featured_media":0,"parent":0,"menu_order":0,"comment_status":"closed","ping_status":"closed","template":"elementor_header_footer","meta":{"inline_featured_image":false,"_monsterinsights_skip_tracking":false,"_monsterinsights_sitenote_active":false,"_monsterinsights_sitenote_note":"","_monsterinsights_sitenote_category":0,"two_page_speed":[],"footnotes":""},"class_list":["post-421","page","type-page","status-publish","hentry"],"aioseo_notices":[],"yoast_head":"<!-- This site is optimized with the Yoast SEO plugin v27.3 - https:\/\/yoast.com\/product\/yoast-seo-wordpress\/ -->\n<title>Incident Response | Cyber Incident Response | Security Incident Response | Incident Response in Cyber Security<\/title>\n<meta name=\"description\" content=\"Expert incident response services for cyber security threats. Fast, reliable security incident response to protect your business from cyber attacks and data breaches.\" \/>\n<meta name=\"robots\" content=\"index, follow, max-snippet:-1, max-image-preview:large, max-video-preview:-1\" \/>\n<link rel=\"canonical\" href=\"https:\/\/mscyber.co\/pt\/resposta-a-incidentes\/\" \/>\n<meta property=\"og:locale\" content=\"pt_BR\" \/>\n<meta property=\"og:type\" content=\"article\" \/>\n<meta property=\"og:title\" content=\"Incident Response | Cyber Incident Response | Security Incident Response | Incident Response in Cyber Security\" \/>\n<meta property=\"og:description\" content=\"Expert incident response services for cyber security threats. Fast, reliable security incident response to protect your business from cyber attacks and data breaches.\" \/>\n<meta property=\"og:url\" content=\"https:\/\/mscyber.co\/pt\/resposta-a-incidentes\/\" \/>\n<meta property=\"og:site_name\" content=\"Mercurius Cyber &amp; Fraud Defense\" \/>\n<meta property=\"article:modified_time\" content=\"2025-03-28T07:11:20+00:00\" \/>\n<meta property=\"og:image\" content=\"https:\/\/mscyber.co\/wp-content\/uploads\/2024\/11\/Group-1.png\" \/>\n<meta name=\"twitter:card\" content=\"summary_large_image\" \/>\n<meta name=\"twitter:label1\" content=\"Est. tempo de leitura\" \/>\n\t<meta name=\"twitter:data1\" content=\"2 minutos\" \/>\n<script type=\"application\/ld+json\" class=\"yoast-schema-graph\">{\"@context\":\"https:\\\/\\\/schema.org\",\"@graph\":[{\"@type\":\"WebPage\",\"@id\":\"https:\\\/\\\/mscyber.co\\\/incident-response\\\/\",\"url\":\"https:\\\/\\\/mscyber.co\\\/incident-response\\\/\",\"name\":\"Incident Response | Cyber Incident Response | Security Incident Response | Incident Response in Cyber Security\",\"isPartOf\":{\"@id\":\"https:\\\/\\\/mscyber.co\\\/#website\"},\"primaryImageOfPage\":{\"@id\":\"https:\\\/\\\/mscyber.co\\\/incident-response\\\/#primaryimage\"},\"image\":{\"@id\":\"https:\\\/\\\/mscyber.co\\\/incident-response\\\/#primaryimage\"},\"thumbnailUrl\":\"https:\\\/\\\/mscyber.co\\\/wp-content\\\/uploads\\\/2024\\\/11\\\/Group-1.png\",\"datePublished\":\"2024-11-08T08:27:38+00:00\",\"dateModified\":\"2025-03-28T07:11:20+00:00\",\"description\":\"Expert incident response services for cyber security threats. Fast, reliable security incident response to protect your business from cyber attacks and data breaches.\",\"breadcrumb\":{\"@id\":\"https:\\\/\\\/mscyber.co\\\/incident-response\\\/#breadcrumb\"},\"inLanguage\":\"pt-BR\",\"potentialAction\":[{\"@type\":\"ReadAction\",\"target\":[\"https:\\\/\\\/mscyber.co\\\/incident-response\\\/\"]}]},{\"@type\":\"ImageObject\",\"inLanguage\":\"pt-BR\",\"@id\":\"https:\\\/\\\/mscyber.co\\\/incident-response\\\/#primaryimage\",\"url\":\"https:\\\/\\\/mscyber.co\\\/wp-content\\\/uploads\\\/2024\\\/11\\\/Group-1.png\",\"contentUrl\":\"https:\\\/\\\/mscyber.co\\\/wp-content\\\/uploads\\\/2024\\\/11\\\/Group-1.png\"},{\"@type\":\"BreadcrumbList\",\"@id\":\"https:\\\/\\\/mscyber.co\\\/incident-response\\\/#breadcrumb\",\"itemListElement\":[{\"@type\":\"ListItem\",\"position\":1,\"name\":\"Home\",\"item\":\"https:\\\/\\\/mscyber.co\\\/\"},{\"@type\":\"ListItem\",\"position\":2,\"name\":\"Incident Response Page\"}]},{\"@type\":\"WebSite\",\"@id\":\"https:\\\/\\\/mscyber.co\\\/#website\",\"url\":\"https:\\\/\\\/mscyber.co\\\/\",\"name\":\"Mercurius Cyber & Fraud Defense\",\"description\":\"Protect your business against digital fraud with artificial intelligence.\",\"potentialAction\":[{\"@type\":\"SearchAction\",\"target\":{\"@type\":\"EntryPoint\",\"urlTemplate\":\"https:\\\/\\\/mscyber.co\\\/?s={search_term_string}\"},\"query-input\":{\"@type\":\"PropertyValueSpecification\",\"valueRequired\":true,\"valueName\":\"search_term_string\"}}],\"inLanguage\":\"pt-BR\"}]}<\/script>\n<!-- \/ Yoast SEO plugin. -->","yoast_head_json":{"title":"Resposta a Incidentes Brazil | Resposta a Incidentes Cibern\u00e9ticos | Resposta a Incidentes de Seguran\u00e7a | Resposta a Incidentes em Seguran\u00e7a Cibern\u00e9tica Brazil","description":"Servi\u00e7os especializados de resposta a incidentes para amea\u00e7as \u00e0 seguran\u00e7a cibern\u00e9tica Brazil. Resposta r\u00e1pida e confi\u00e1vel a incidentes de seguran\u00e7a para proteger sua empresa contra ataques cibern\u00e9ticos e viola\u00e7\u00f5es de dados.","robots":{"index":"index","follow":"follow","max-snippet":"max-snippet:-1","max-image-preview":"max-image-preview:large","max-video-preview":"max-video-preview:-1"},"canonical":"https:\/\/mscyber.co\/pt\/resposta-a-incidentes\/","og_locale":"pt_BR","og_type":"article","og_title":"Incident Response | Cyber Incident Response | Security Incident Response | Incident Response in Cyber Security","og_description":"Expert incident response services for cyber security threats. Fast, reliable security incident response to protect your business from cyber attacks and data breaches.","og_url":"https:\/\/mscyber.co\/pt\/resposta-a-incidentes\/","og_site_name":"Mercurius Cyber &amp; Fraud Defense","article_modified_time":"2025-03-28T07:11:20+00:00","og_image":[{"url":"https:\/\/mscyber.co\/wp-content\/uploads\/2024\/11\/Group-1.png","type":"","width":"","height":""}],"twitter_card":"summary_large_image","twitter_misc":{"Est. tempo de leitura":"2 minutos"},"schema":{"@context":"https:\/\/schema.org","@graph":[{"@type":"WebPage","@id":"https:\/\/mscyber.co\/incident-response\/","url":"https:\/\/mscyber.co\/incident-response\/","name":"Resposta a Incidentes Brazil | Resposta a Incidentes Cibern\u00e9ticos | Resposta a Incidentes de Seguran\u00e7a | Resposta a Incidentes em Seguran\u00e7a Cibern\u00e9tica Brazil","isPartOf":{"@id":"https:\/\/mscyber.co\/#website"},"primaryImageOfPage":{"@id":"https:\/\/mscyber.co\/incident-response\/#primaryimage"},"image":{"@id":"https:\/\/mscyber.co\/incident-response\/#primaryimage"},"thumbnailUrl":"https:\/\/mscyber.co\/wp-content\/uploads\/2024\/11\/Group-1.png","datePublished":"2024-11-08T08:27:38+00:00","dateModified":"2025-03-28T07:11:20+00:00","description":"Servi\u00e7os especializados de resposta a incidentes para amea\u00e7as \u00e0 seguran\u00e7a cibern\u00e9tica Brazil. Resposta r\u00e1pida e confi\u00e1vel a incidentes de seguran\u00e7a para proteger sua empresa contra ataques cibern\u00e9ticos e viola\u00e7\u00f5es de dados.","breadcrumb":{"@id":"https:\/\/mscyber.co\/incident-response\/#breadcrumb"},"inLanguage":"pt-BR","potentialAction":[{"@type":"ReadAction","target":["https:\/\/mscyber.co\/incident-response\/"]}]},{"@type":"ImageObject","inLanguage":"pt-BR","@id":"https:\/\/mscyber.co\/incident-response\/#primaryimage","url":"https:\/\/mscyber.co\/wp-content\/uploads\/2024\/11\/Group-1.png","contentUrl":"https:\/\/mscyber.co\/wp-content\/uploads\/2024\/11\/Group-1.png"},{"@type":"BreadcrumbList","@id":"https:\/\/mscyber.co\/incident-response\/#breadcrumb","itemListElement":[{"@type":"ListItem","position":1,"name":"Home","item":"https:\/\/mscyber.co\/"},{"@type":"ListItem","position":2,"name":"Incident Response Page"}]},{"@type":"WebSite","@id":"https:\/\/mscyber.co\/#website","url":"https:\/\/mscyber.co\/","name":"Defesa cibern\u00e9tica e contra fraudes da Mercurius","description":"Proteja sua empresa contra fraudes digitais com intelig\u00eancia artificial.","potentialAction":[{"@type":"SearchAction","target":{"@type":"EntryPoint","urlTemplate":"https:\/\/mscyber.co\/?s={search_term_string}"},"query-input":{"@type":"PropertyValueSpecification","valueRequired":true,"valueName":"search_term_string"}}],"inLanguage":"pt-BR"}]}},"_hostinger_reach_plugin_has_subscription_block":false,"_hostinger_reach_plugin_is_elementor":false,"_links":{"self":[{"href":"https:\/\/mscyber.co\/pt\/wp-json\/wp\/v2\/pages\/421","targetHints":{"allow":["GET"]}}],"collection":[{"href":"https:\/\/mscyber.co\/pt\/wp-json\/wp\/v2\/pages"}],"about":[{"href":"https:\/\/mscyber.co\/pt\/wp-json\/wp\/v2\/types\/page"}],"author":[{"embeddable":true,"href":"https:\/\/mscyber.co\/pt\/wp-json\/wp\/v2\/users\/1"}],"replies":[{"embeddable":true,"href":"https:\/\/mscyber.co\/pt\/wp-json\/wp\/v2\/comments?post=421"}],"version-history":[{"count":25,"href":"https:\/\/mscyber.co\/pt\/wp-json\/wp\/v2\/pages\/421\/revisions"}],"predecessor-version":[{"id":1553,"href":"https:\/\/mscyber.co\/pt\/wp-json\/wp\/v2\/pages\/421\/revisions\/1553"}],"wp:attachment":[{"href":"https:\/\/mscyber.co\/pt\/wp-json\/wp\/v2\/media?parent=421"}],"curies":[{"name":"wp","href":"https:\/\/api.w.org\/{rel}","templated":true}]}}