{"id":333,"date":"2024-11-07T19:11:44","date_gmt":"2024-11-07T19:11:44","guid":{"rendered":"https:\/\/mscyber.co\/?page_id=333"},"modified":"2025-02-10T10:10:59","modified_gmt":"2025-02-10T10:10:59","slug":"servico-redteam","status":"publish","type":"page","link":"https:\/\/mscyber.co\/pt\/service-redteam\/","title":{"rendered":"Servi\u00e7o Redteam"},"content":{"rendered":"\t\t<div data-elementor-type=\"wp-page\" data-elementor-id=\"333\" class=\"elementor elementor-333\" data-elementor-settings=\"{&quot;ha_cmc_init_switcher&quot;:&quot;no&quot;}\">\n\t\t\t\t\t\t<section class=\"elementor-section elementor-top-section elementor-element elementor-element-6607661 elementor-section-boxed elementor-section-height-default elementor-section-height-default fbth-custom-animation-no FBTH-addons-sticky-no\" data-id=\"6607661\" data-element_type=\"section\" data-settings=\"{&quot;background_background&quot;:&quot;classic&quot;,&quot;fbth_animation_on&quot;:&quot;no&quot;,&quot;_ha_eqh_enable&quot;:false,&quot;fbth_sticky&quot;:&quot;no&quot;}\">\n\t\t\t\t\t\t<div class=\"elementor-container elementor-column-gap-default\">\n\t\t\t\t\t<div class=\"elementor-column elementor-col-100 elementor-top-column elementor-element elementor-element-d94c43f\" data-id=\"d94c43f\" data-element_type=\"column\">\n\t\t\t<div class=\"elementor-widget-wrap elementor-element-populated\">\n\t\t\t\t\t\t<section class=\"elementor-section elementor-inner-section elementor-element elementor-element-c83e251 elementor-section-boxed elementor-section-height-default elementor-section-height-default fbth-custom-animation-no FBTH-addons-sticky-no\" data-id=\"c83e251\" data-element_type=\"section\" data-settings=\"{&quot;_ha_eqh_enable&quot;:&quot;yes&quot;,&quot;_ha_eqh_widget&quot;:[&quot;fbth-icon-box&quot;],&quot;fbth_animation_on&quot;:&quot;no&quot;,&quot;_ha_eqh_to&quot;:&quot;widget&quot;,&quot;_ha_eqh_disable_on_tablet&quot;:&quot;no&quot;,&quot;_ha_eqh_disable_on_mobile&quot;:&quot;yes&quot;,&quot;fbth_sticky&quot;:&quot;no&quot;}\">\n\t\t\t\t\t\t<div class=\"elementor-container elementor-column-gap-default\">\n\t\t\t\t\t<div class=\"elementor-column elementor-col-33 elementor-inner-column elementor-element elementor-element-52bb482 service-single-card-bg\" data-id=\"52bb482\" data-element_type=\"column\" data-settings=\"{&quot;background_background&quot;:&quot;classic&quot;}\">\n\t\t\t<div class=\"elementor-widget-wrap elementor-element-populated\">\n\t\t\t\t\t\t<div class=\"elementor-element elementor-element-31e03d5 FBTH-addons-sticky-no elementor-widget elementor-widget-fbth-icon-box\" data-id=\"31e03d5\" data-element_type=\"widget\" data-settings=\"{&quot;fbth_sticky&quot;:&quot;no&quot;}\" data-widget_type=\"fbth-icon-box.default\">\n\t\t\t\t<div class=\"elementor-widget-container\">\n\t\t\t\n\t\t\t<!-- box link  -->\n\t\t\t\n\t\t<div class=\"fbth-addons-feature-box-item fbth-addons-feature-icon-center fbth-addons-icon-position-top\">\n\n\t\t\t\t\t\t\t<div class=\"fbth-addons-feature-icon-wrap icon-background-yes align-items-top\">\n\t\t\t\t\t<span class=\"fbth-addons-feature-icon icon-type-image\">\n\t\t\t\t\t\t<img decoding=\"async\" src=\"https:\/\/mscyber.co\/wp-content\/uploads\/2024\/11\/service-image-01.png\" title=\"service-image-01\" alt=\"service-image-01\" loading=\"lazy\" \/>\t\t\t\t\t<\/span>\n\t\t\t\t<\/div>\n\t\t\t\n\t\t\t<div class=\"fbth-addons-feature-content-wrap\">\n\t\t\t\t<div class=\"fbth-iconbox-addons-feature-content\">\n\t\t\t\t\t<h2 class=\"fbth-addons-feature-title\">Red Team Services<\/h2>\t\t\t\t\t\n\t\t\t\t\t\t\t\t\t\t\t<p class=\"fbth-size-default\">Our Red Team conducts simulated cyberattacks to identify vulnerabilities, providing strategic insights that strengthen and secure your systems proactively, ensuring digital resilience.<\/p>\n\t\t\t\t\t\t\t\t\t<\/div>\n\t\t\t\t\n\t\t\t<\/div>\n\n\t\t<\/div> \n\n\t\t\t<!-- box link  -->\n\t\t\t\t\t\t<!-- box link  -->\n\t\t<\/div>\n\t\t\t\t<\/div>\n\t\t\t\t\t<\/div>\n\t\t<\/div>\n\t\t\t\t<div class=\"elementor-column elementor-col-33 elementor-inner-column elementor-element elementor-element-72326b6 service-single-card-bg\" data-id=\"72326b6\" data-element_type=\"column\" data-settings=\"{&quot;background_background&quot;:&quot;classic&quot;}\">\n\t\t\t<div class=\"elementor-widget-wrap elementor-element-populated\">\n\t\t\t\t\t\t<div class=\"elementor-element elementor-element-5933ed6 FBTH-addons-sticky-no elementor-widget elementor-widget-fbth-icon-box\" data-id=\"5933ed6\" data-element_type=\"widget\" data-settings=\"{&quot;fbth_sticky&quot;:&quot;no&quot;}\" data-widget_type=\"fbth-icon-box.default\">\n\t\t\t\t<div class=\"elementor-widget-container\">\n\t\t\t\n\t\t\t<!-- box link  -->\n\t\t\t\n\t\t<div class=\"fbth-addons-feature-box-item fbth-addons-feature-icon-center fbth-addons-icon-position-top\">\n\n\t\t\t\t\t\t\t<div class=\"fbth-addons-feature-icon-wrap icon-background-yes align-items-top\">\n\t\t\t\t\t<span class=\"fbth-addons-feature-icon icon-type-image\">\n\t\t\t\t\t\t<img decoding=\"async\" src=\"https:\/\/mscyber.co\/wp-content\/uploads\/2024\/11\/service-image-02.png\" title=\"service-image-02\" alt=\"service-image-02\" loading=\"lazy\" \/>\t\t\t\t\t<\/span>\n\t\t\t\t<\/div>\n\t\t\t\n\t\t\t<div class=\"fbth-addons-feature-content-wrap\">\n\t\t\t\t<div class=\"fbth-iconbox-addons-feature-content\">\n\t\t\t\t\t<h2 class=\"fbth-addons-feature-title\">Ethical Hacking<\/h2>\t\t\t\t\t\n\t\t\t\t\t\t\t\t\t\t\t<p class=\"fbth-size-default\">Our ethical hacking specialists meticulously examine your systems to detect and fix vulnerabilities, reinforcing and ensuring data protection against cyber threats. Experience advanced protection and the peace of being one step ahead.<\/p>\n\t\t\t\t\t\t\t\t\t<\/div>\n\t\t\t\t\n\t\t\t<\/div>\n\n\t\t<\/div> \n\n\t\t\t<!-- box link  -->\n\t\t\t\t\t\t<!-- box link  -->\n\t\t<\/div>\n\t\t\t\t<\/div>\n\t\t\t\t\t<\/div>\n\t\t<\/div>\n\t\t\t\t<div class=\"elementor-column elementor-col-33 elementor-inner-column elementor-element elementor-element-8a974b6 service-single-card-bg\" data-id=\"8a974b6\" data-element_type=\"column\" data-settings=\"{&quot;background_background&quot;:&quot;classic&quot;}\">\n\t\t\t<div class=\"elementor-widget-wrap elementor-element-populated\">\n\t\t\t\t\t\t<div class=\"elementor-element elementor-element-16cf7c0 FBTH-addons-sticky-no elementor-widget elementor-widget-fbth-icon-box\" data-id=\"16cf7c0\" data-element_type=\"widget\" data-settings=\"{&quot;fbth_sticky&quot;:&quot;no&quot;}\" data-widget_type=\"fbth-icon-box.default\">\n\t\t\t\t<div class=\"elementor-widget-container\">\n\t\t\t\n\t\t\t<!-- box link  -->\n\t\t\t\n\t\t<div class=\"fbth-addons-feature-box-item fbth-addons-feature-icon-center fbth-addons-icon-position-top\">\n\n\t\t\t\t\t\t\t<div class=\"fbth-addons-feature-icon-wrap icon-background-yes align-items-top\">\n\t\t\t\t\t<span class=\"fbth-addons-feature-icon icon-type-image\">\n\t\t\t\t\t\t<img decoding=\"async\" src=\"https:\/\/mscyber.co\/wp-content\/uploads\/2024\/11\/service-image-03.png\" title=\"service-image-03\" alt=\"service-image-03\" loading=\"lazy\" \/>\t\t\t\t\t<\/span>\n\t\t\t\t<\/div>\n\t\t\t\n\t\t\t<div class=\"fbth-addons-feature-content-wrap\">\n\t\t\t\t<div class=\"fbth-iconbox-addons-feature-content\">\n\t\t\t\t\t<h2 class=\"fbth-addons-feature-title\">Internal and External Penetration Testing<\/h2>\t\t\t\t\t\n\t\t\t\t\t\t\t\t\t\t\t<p class=\"fbth-size-default\">We offer Penetration Testing services that evaluate your network comprehensively, both internally and externally, to identify and address critical vulnerabilities. Strengthen your cyber defenses with our detailed assessments and gain a clear understanding of your security posture. <\/p>\n\t\t\t\t\t\t\t\t\t<\/div>\n\t\t\t\t\n\t\t\t<\/div>\n\n\t\t<\/div> \n\n\t\t\t<!-- box link  -->\n\t\t\t\t\t\t<!-- box link  -->\n\t\t<\/div>\n\t\t\t\t<\/div>\n\t\t\t\t\t<\/div>\n\t\t<\/div>\n\t\t\t\t\t<\/div>\n\t\t<\/section>\n\t\t\t\t<section class=\"elementor-section elementor-inner-section elementor-element elementor-element-f963eec elementor-section-content-middle elementor-reverse-tablet elementor-reverse-mobile elementor-section-boxed elementor-section-height-default elementor-section-height-default fbth-custom-animation-no FBTH-addons-sticky-no\" data-id=\"f963eec\" data-element_type=\"section\" data-settings=\"{&quot;background_background&quot;:&quot;classic&quot;,&quot;fbth_animation_on&quot;:&quot;no&quot;,&quot;_ha_eqh_enable&quot;:false,&quot;fbth_sticky&quot;:&quot;no&quot;}\">\n\t\t\t\t\t\t<div class=\"elementor-container elementor-column-gap-default\">\n\t\t\t\t\t<div class=\"elementor-column elementor-col-50 elementor-inner-column elementor-element elementor-element-3e53f52\" data-id=\"3e53f52\" data-element_type=\"column\">\n\t\t\t<div class=\"elementor-widget-wrap elementor-element-populated\">\n\t\t\t\t\t\t<div class=\"elementor-element elementor-element-6a7f5d5 FBTH-addons-sticky-no elementor-widget elementor-widget-fbth-title\" data-id=\"6a7f5d5\" data-element_type=\"widget\" data-settings=\"{&quot;fbth_sticky&quot;:&quot;no&quot;}\" data-widget_type=\"fbth-title.default\">\n\t\t\t\t<div class=\"elementor-widget-container\">\n\t\t\t<h3 class=\"fbth-addons-title show-line-no\">Ready to Enhance Your Security Measures?<\/h3>\t\t<\/div>\n\t\t\t\t<\/div>\n\t\t\t\t<div class=\"elementor-element elementor-element-0c81ceb fbth-size-default FBTH-addons-sticky-no elementor-widget elementor-widget-fbth-text-editor\" data-id=\"0c81ceb\" data-element_type=\"widget\" data-settings=\"{&quot;fbth_sticky&quot;:&quot;no&quot;}\" data-widget_type=\"fbth-text-editor.default\">\n\t\t\t\t<div class=\"elementor-widget-container\">\n\t\t\t\t\t\t\t\t<div class=\"fbth-text-editor fbth-clearfix\">\n\t\t\t\t\t\t\t\t\t\t<p class=\"fbth-size-default\"><p>Join us to build robust barriers against cyber threats. Together, we will create a resilient defense against fraud and digital attacks. Connect with us and discover how to make your security stronger!<\/p><\/p>\n\t\t\t\t\t\t\t\t\t<\/div>\n\t\t\t\t<\/div>\n\t\t\t\t<\/div>\n\t\t\t\t<div class=\"elementor-element elementor-element-c3f2d54 FBTH-addons-sticky-no elementor-widget elementor-widget-fbth-creative-button\" data-id=\"c3f2d54\" data-element_type=\"widget\" data-settings=\"{&quot;fbth_sticky&quot;:&quot;no&quot;}\" data-widget_type=\"fbth-creative-button.default\">\n\t\t\t\t<div class=\"elementor-widget-container\">\n\t\t\t\t\t<div data-magnetic=\"no\" class=\"fbth-creative-btn-wrap\">\n\t\t\t<a class=\"fbth-creative-btn fbth-stl--hermosa fbth-eft--exploit\" href=\"https:\/\/mscyber.co\/contact-us\/\" rel=\"nofollow\"><span>Talk to a Specialist Now<\/span><\/a>\n\t\t<\/div>\t\t<\/div>\n\t\t\t\t<\/div>\n\t\t\t\t\t<\/div>\n\t\t<\/div>\n\t\t\t\t<div class=\"elementor-column elementor-col-50 elementor-inner-column elementor-element elementor-element-6c6a034\" data-id=\"6c6a034\" data-element_type=\"column\" data-settings=\"{&quot;background_background&quot;:&quot;classic&quot;}\">\n\t\t\t<div class=\"elementor-widget-wrap elementor-element-populated\">\n\t\t\t\t\t\t<div class=\"elementor-element elementor-element-6c83bd8 elementor-widget__width-initial FBTH-addons-sticky-no elementor-widget elementor-widget-image\" data-id=\"6c83bd8\" data-element_type=\"widget\" data-settings=\"{&quot;fbth_sticky&quot;:&quot;no&quot;}\" data-widget_type=\"image.default\">\n\t\t\t\t<div class=\"elementor-widget-container\">\n\t\t\t\t\t\t\t\t\t\t\t\t\t<img fetchpriority=\"high\" decoding=\"async\" width=\"1062\" height=\"1061\" src=\"https:\/\/mscyber.co\/wp-content\/uploads\/2024\/10\/cta-img-bg.png\" class=\"attachment-full size-full wp-image-87\" alt=\"blue dot\" srcset=\"https:\/\/mscyber.co\/wp-content\/uploads\/2024\/10\/cta-img-bg.png 1062w, https:\/\/mscyber.co\/wp-content\/uploads\/2024\/10\/cta-img-bg-300x300.png 300w, https:\/\/mscyber.co\/wp-content\/uploads\/2024\/10\/cta-img-bg-100x100.png 100w, https:\/\/mscyber.co\/wp-content\/uploads\/2024\/10\/cta-img-bg-600x599.png 600w, https:\/\/mscyber.co\/wp-content\/uploads\/2024\/10\/cta-img-bg-1024x1024.png 1024w, https:\/\/mscyber.co\/wp-content\/uploads\/2024\/10\/cta-img-bg-150x150.png 150w, https:\/\/mscyber.co\/wp-content\/uploads\/2024\/10\/cta-img-bg-768x767.png 768w\" sizes=\"(max-width: 1062px) 100vw, 1062px\" \/>\t\t\t\t\t\t\t\t\t\t\t\t\t<\/div>\n\t\t\t\t<\/div>\n\t\t\t\t<div class=\"elementor-element elementor-element-c4aaa18 FBTH-addons-sticky-no ha-has-bg-overlay elementor-widget elementor-widget-image\" data-id=\"c4aaa18\" data-element_type=\"widget\" data-settings=\"{&quot;fbth_sticky&quot;:&quot;no&quot;}\" data-widget_type=\"image.default\">\n\t\t\t\t<div class=\"elementor-widget-container\">\n\t\t\t\t\t\t\t\t\t\t\t\t\t<img decoding=\"async\" width=\"430\" height=\"381\" src=\"https:\/\/mscyber.co\/wp-content\/uploads\/2024\/10\/mer-cta-image.png\" class=\"attachment-large size-large wp-image-88\" alt=\"security solutions\" srcset=\"https:\/\/mscyber.co\/wp-content\/uploads\/2024\/10\/mer-cta-image.png 430w, https:\/\/mscyber.co\/wp-content\/uploads\/2024\/10\/mer-cta-image-300x266.png 300w\" sizes=\"(max-width: 430px) 100vw, 430px\" \/>\t\t\t\t\t\t\t\t\t\t\t\t\t<\/div>\n\t\t\t\t<\/div>\n\t\t\t\t\t<\/div>\n\t\t<\/div>\n\t\t\t\t\t<\/div>\n\t\t<\/section>\n\t\t\t\t\t<\/div>\n\t\t<\/div>\n\t\t\t\t\t<\/div>\n\t\t<\/section>\n\t\t\t\t<\/div>\n\t\t","protected":false},"excerpt":{"rendered":"<p>Servi\u00e7os de equipe vermelha Nossa equipe vermelha realiza ataques cibern\u00e9ticos simulados para identificar vulnerabilidades, fornecendo insights estrat\u00e9gicos que fortalecem e protegem seus sistemas de forma proativa, garantindo a resili\u00eancia digital.<\/p>","protected":false},"author":1,"featured_media":0,"parent":0,"menu_order":0,"comment_status":"closed","ping_status":"closed","template":"elementor_header_footer","meta":{"inline_featured_image":false,"_monsterinsights_skip_tracking":false,"_monsterinsights_sitenote_active":false,"_monsterinsights_sitenote_note":"","_monsterinsights_sitenote_category":0,"two_page_speed":[],"footnotes":""},"class_list":["post-333","page","type-page","status-publish","hentry"],"aioseo_notices":[],"yoast_head":"<!-- This site is optimized with the Yoast SEO plugin v27.4 - https:\/\/yoast.com\/product\/yoast-seo-wordpress\/ -->\n<title>Penetration Testing | Cyber Security Penetration Testing | Red Team Services | Ethical Hacking<\/title>\n<meta name=\"description\" content=\"Enhance your cyber security with expert penetration testing, red team services, and ethical hacking. Identify vulnerabilities and protect your business from cyber threats today!\" \/>\n<meta name=\"robots\" content=\"index, follow, max-snippet:-1, max-image-preview:large, max-video-preview:-1\" \/>\n<link rel=\"canonical\" href=\"https:\/\/mscyber.co\/pt\/servico-redteam\/\" \/>\n<meta property=\"og:locale\" content=\"pt_BR\" \/>\n<meta property=\"og:type\" content=\"article\" \/>\n<meta property=\"og:title\" content=\"Penetration Testing | Cyber Security Penetration Testing | Red Team Services | Ethical Hacking\" \/>\n<meta property=\"og:description\" content=\"Enhance your cyber security with expert penetration testing, red team services, and ethical hacking. Identify vulnerabilities and protect your business from cyber threats today!\" \/>\n<meta property=\"og:url\" content=\"https:\/\/mscyber.co\/pt\/servico-redteam\/\" \/>\n<meta property=\"og:site_name\" content=\"Mercurius Cyber &amp; Fraud Defense\" \/>\n<meta property=\"article:modified_time\" content=\"2025-02-10T10:10:59+00:00\" \/>\n<meta property=\"og:image\" content=\"https:\/\/mscyber.co\/wp-content\/uploads\/2024\/11\/service-image-01.png\" \/>\n<meta name=\"twitter:card\" content=\"summary_large_image\" \/>\n<meta name=\"twitter:label1\" content=\"Est. tempo de leitura\" \/>\n\t<meta name=\"twitter:data1\" content=\"2 minutos\" \/>\n<script type=\"application\/ld+json\" class=\"yoast-schema-graph\">{\"@context\":\"https:\\\/\\\/schema.org\",\"@graph\":[{\"@type\":\"WebPage\",\"@id\":\"https:\\\/\\\/mscyber.co\\\/service-redteam\\\/\",\"url\":\"https:\\\/\\\/mscyber.co\\\/service-redteam\\\/\",\"name\":\"Penetration Testing | Cyber Security Penetration Testing | Red Team Services | Ethical Hacking\",\"isPartOf\":{\"@id\":\"https:\\\/\\\/mscyber.co\\\/#website\"},\"primaryImageOfPage\":{\"@id\":\"https:\\\/\\\/mscyber.co\\\/service-redteam\\\/#primaryimage\"},\"image\":{\"@id\":\"https:\\\/\\\/mscyber.co\\\/service-redteam\\\/#primaryimage\"},\"thumbnailUrl\":\"https:\\\/\\\/mscyber.co\\\/wp-content\\\/uploads\\\/2024\\\/11\\\/service-image-01.png\",\"datePublished\":\"2024-11-07T19:11:44+00:00\",\"dateModified\":\"2025-02-10T10:10:59+00:00\",\"description\":\"Enhance your cyber security with expert penetration testing, red team services, and ethical hacking. Identify vulnerabilities and protect your business from cyber threats today!\",\"breadcrumb\":{\"@id\":\"https:\\\/\\\/mscyber.co\\\/service-redteam\\\/#breadcrumb\"},\"inLanguage\":\"pt-BR\",\"potentialAction\":[{\"@type\":\"ReadAction\",\"target\":[\"https:\\\/\\\/mscyber.co\\\/service-redteam\\\/\"]}]},{\"@type\":\"ImageObject\",\"inLanguage\":\"pt-BR\",\"@id\":\"https:\\\/\\\/mscyber.co\\\/service-redteam\\\/#primaryimage\",\"url\":\"https:\\\/\\\/mscyber.co\\\/wp-content\\\/uploads\\\/2024\\\/11\\\/service-image-01.png\",\"contentUrl\":\"https:\\\/\\\/mscyber.co\\\/wp-content\\\/uploads\\\/2024\\\/11\\\/service-image-01.png\"},{\"@type\":\"BreadcrumbList\",\"@id\":\"https:\\\/\\\/mscyber.co\\\/service-redteam\\\/#breadcrumb\",\"itemListElement\":[{\"@type\":\"ListItem\",\"position\":1,\"name\":\"Home\",\"item\":\"https:\\\/\\\/mscyber.co\\\/\"},{\"@type\":\"ListItem\",\"position\":2,\"name\":\"Service Redteam\"}]},{\"@type\":\"WebSite\",\"@id\":\"https:\\\/\\\/mscyber.co\\\/#website\",\"url\":\"https:\\\/\\\/mscyber.co\\\/\",\"name\":\"Mercurius Cyber & Fraud Defense\",\"description\":\"Protect your business against digital fraud with artificial intelligence.\",\"potentialAction\":[{\"@type\":\"SearchAction\",\"target\":{\"@type\":\"EntryPoint\",\"urlTemplate\":\"https:\\\/\\\/mscyber.co\\\/?s={search_term_string}\"},\"query-input\":{\"@type\":\"PropertyValueSpecification\",\"valueRequired\":true,\"valueName\":\"search_term_string\"}}],\"inLanguage\":\"pt-BR\"}]}<\/script>\n<!-- \/ Yoast SEO plugin. -->","yoast_head_json":{"title":"Teste de penetra\u00e7\u00e3o Brazil | Teste de penetra\u00e7\u00e3o de seguran\u00e7a cibern\u00e9tica | Servi\u00e7os de equipe vermelha | Hacking \u00e9tico Brazil","description":"Aprimore sua seguran\u00e7a cibern\u00e9tica com testes de penetra\u00e7\u00e3o especializados Brazil, servi\u00e7os de equipe vermelha e hacking \u00e9tico Brazil. Identifique vulnerabilidades e proteja sua empresa contra amea\u00e7as cibern\u00e9ticas hoje mesmo!","robots":{"index":"index","follow":"follow","max-snippet":"max-snippet:-1","max-image-preview":"max-image-preview:large","max-video-preview":"max-video-preview:-1"},"canonical":"https:\/\/mscyber.co\/pt\/servico-redteam\/","og_locale":"pt_BR","og_type":"article","og_title":"Penetration Testing | Cyber Security Penetration Testing | Red Team Services | Ethical Hacking","og_description":"Enhance your cyber security with expert penetration testing, red team services, and ethical hacking. Identify vulnerabilities and protect your business from cyber threats today!","og_url":"https:\/\/mscyber.co\/pt\/servico-redteam\/","og_site_name":"Mercurius Cyber &amp; Fraud Defense","article_modified_time":"2025-02-10T10:10:59+00:00","og_image":[{"url":"https:\/\/mscyber.co\/wp-content\/uploads\/2024\/11\/service-image-01.png","type":"","width":"","height":""}],"twitter_card":"summary_large_image","twitter_misc":{"Est. tempo de leitura":"2 minutos"},"schema":{"@context":"https:\/\/schema.org","@graph":[{"@type":"WebPage","@id":"https:\/\/mscyber.co\/service-redteam\/","url":"https:\/\/mscyber.co\/service-redteam\/","name":"Teste de penetra\u00e7\u00e3o Brazil | Teste de penetra\u00e7\u00e3o de seguran\u00e7a cibern\u00e9tica | Servi\u00e7os de equipe vermelha | Hacking \u00e9tico Brazil","isPartOf":{"@id":"https:\/\/mscyber.co\/#website"},"primaryImageOfPage":{"@id":"https:\/\/mscyber.co\/service-redteam\/#primaryimage"},"image":{"@id":"https:\/\/mscyber.co\/service-redteam\/#primaryimage"},"thumbnailUrl":"https:\/\/mscyber.co\/wp-content\/uploads\/2024\/11\/service-image-01.png","datePublished":"2024-11-07T19:11:44+00:00","dateModified":"2025-02-10T10:10:59+00:00","description":"Aprimore sua seguran\u00e7a cibern\u00e9tica com testes de penetra\u00e7\u00e3o especializados Brazil, servi\u00e7os de equipe vermelha e hacking \u00e9tico Brazil. Identifique vulnerabilidades e proteja sua empresa contra amea\u00e7as cibern\u00e9ticas hoje mesmo!","breadcrumb":{"@id":"https:\/\/mscyber.co\/service-redteam\/#breadcrumb"},"inLanguage":"pt-BR","potentialAction":[{"@type":"ReadAction","target":["https:\/\/mscyber.co\/service-redteam\/"]}]},{"@type":"ImageObject","inLanguage":"pt-BR","@id":"https:\/\/mscyber.co\/service-redteam\/#primaryimage","url":"https:\/\/mscyber.co\/wp-content\/uploads\/2024\/11\/service-image-01.png","contentUrl":"https:\/\/mscyber.co\/wp-content\/uploads\/2024\/11\/service-image-01.png"},{"@type":"BreadcrumbList","@id":"https:\/\/mscyber.co\/service-redteam\/#breadcrumb","itemListElement":[{"@type":"ListItem","position":1,"name":"Home","item":"https:\/\/mscyber.co\/"},{"@type":"ListItem","position":2,"name":"Service Redteam"}]},{"@type":"WebSite","@id":"https:\/\/mscyber.co\/#website","url":"https:\/\/mscyber.co\/","name":"Defesa cibern\u00e9tica e contra fraudes da Mercurius","description":"Proteja sua empresa contra fraudes digitais com intelig\u00eancia artificial.","potentialAction":[{"@type":"SearchAction","target":{"@type":"EntryPoint","urlTemplate":"https:\/\/mscyber.co\/?s={search_term_string}"},"query-input":{"@type":"PropertyValueSpecification","valueRequired":true,"valueName":"search_term_string"}}],"inLanguage":"pt-BR"}]}},"_hostinger_reach_plugin_has_subscription_block":false,"_hostinger_reach_plugin_is_elementor":false,"_links":{"self":[{"href":"https:\/\/mscyber.co\/pt\/wp-json\/wp\/v2\/pages\/333","targetHints":{"allow":["GET"]}}],"collection":[{"href":"https:\/\/mscyber.co\/pt\/wp-json\/wp\/v2\/pages"}],"about":[{"href":"https:\/\/mscyber.co\/pt\/wp-json\/wp\/v2\/types\/page"}],"author":[{"embeddable":true,"href":"https:\/\/mscyber.co\/pt\/wp-json\/wp\/v2\/users\/1"}],"replies":[{"embeddable":true,"href":"https:\/\/mscyber.co\/pt\/wp-json\/wp\/v2\/comments?post=333"}],"version-history":[{"count":85,"href":"https:\/\/mscyber.co\/pt\/wp-json\/wp\/v2\/pages\/333\/revisions"}],"predecessor-version":[{"id":1523,"href":"https:\/\/mscyber.co\/pt\/wp-json\/wp\/v2\/pages\/333\/revisions\/1523"}],"wp:attachment":[{"href":"https:\/\/mscyber.co\/pt\/wp-json\/wp\/v2\/media?parent=333"}],"curies":[{"name":"wp","href":"https:\/\/api.w.org\/{rel}","templated":true}]}}