{"id":1408,"date":"2024-12-04T12:40:13","date_gmt":"2024-12-04T12:40:13","guid":{"rendered":"https:\/\/mscyber.co\/?page_id=1408"},"modified":"2024-12-04T16:35:27","modified_gmt":"2024-12-04T16:35:27","slug":"entre-em-contato-conosco","status":"publish","type":"page","link":"https:\/\/mscyber.co\/pt\/contact-us\/","title":{"rendered":"Entre em contato conosco"},"content":{"rendered":"<div data-elementor-type=\"wp-page\" data-elementor-id=\"1408\" class=\"elementor elementor-1408\" data-elementor-settings=\"{&quot;ha_cmc_init_switcher&quot;:&quot;no&quot;}\">\n\t\t\t\t\t\t<section class=\"elementor-section elementor-top-section elementor-element elementor-element-7b8473e elementor-section-boxed elementor-section-height-default elementor-section-height-default fbth-custom-animation-no FBTH-addons-sticky-no\" data-id=\"7b8473e\" data-element_type=\"section\" data-settings=\"{&quot;background_background&quot;:&quot;classic&quot;,&quot;fbth_animation_on&quot;:&quot;no&quot;,&quot;_ha_eqh_enable&quot;:false,&quot;fbth_sticky&quot;:&quot;no&quot;}\">\n\t\t\t\t\t\t<div class=\"elementor-container elementor-column-gap-default\">\n\t\t\t\t\t<div class=\"elementor-column elementor-col-100 elementor-top-column elementor-element elementor-element-60bbe52\" data-id=\"60bbe52\" data-element_type=\"column\">\n\t\t\t<div class=\"elementor-widget-wrap elementor-element-populated\">\n\t\t\t\t\t\t<section class=\"elementor-section elementor-inner-section elementor-element elementor-element-04705c3 elementor-reverse-tablet elementor-reverse-mobile elementor-section-boxed elementor-section-height-default elementor-section-height-default fbth-custom-animation-no FBTH-addons-sticky-no\" data-id=\"04705c3\" data-element_type=\"section\" data-settings=\"{&quot;fbth_animation_on&quot;:&quot;no&quot;,&quot;_ha_eqh_enable&quot;:false,&quot;fbth_sticky&quot;:&quot;no&quot;}\">\n\t\t\t\t\t\t<div class=\"elementor-container elementor-column-gap-default\">\n\t\t\t\t\t<div class=\"elementor-column elementor-col-50 elementor-inner-column elementor-element elementor-element-945e3be\" data-id=\"945e3be\" data-element_type=\"column\">\n\t\t\t<div class=\"elementor-widget-wrap elementor-element-populated\">\n\t\t\t\t\t\t<div class=\"elementor-element elementor-element-9d80241 FBTH-addons-sticky-no elementor-widget elementor-widget-fbth-title\" data-id=\"9d80241\" data-element_type=\"widget\" data-settings=\"{&quot;fbth_sticky&quot;:&quot;no&quot;}\" data-widget_type=\"fbth-title.default\">\n\t\t\t\t<div class=\"elementor-widget-container\">\n\t\t\t<h1 class=\"fbth-addons-title show-line-no\">Contate-Nos<\/h1>\t\t<\/div>\n\t\t\t\t<\/div>\n\t\t\t\t<div class=\"elementor-element elementor-element-2391285 fbth-size-default FBTH-addons-sticky-no elementor-widget elementor-widget-fbth-text-editor\" data-id=\"2391285\" data-element_type=\"widget\" data-settings=\"{&quot;fbth_sticky&quot;:&quot;no&quot;}\" data-widget_type=\"fbth-text-editor.default\">\n\t\t\t\t<div class=\"elementor-widget-container\">\n\t\t\t\t\t\t\t\t<div class=\"fbth-text-editor fbth-clearfix\">\n\t\t\t\t\t\t\t\t\t\t<p class=\"fbth-size-default\"><p>Se voc\u00ea tiver alguma d\u00favida sobre nossos servi\u00e7os, estiver interessado em fazer uma parceria conosco ou apenas quiser saber mais, nossa equipe est\u00e1 aqui para ajudar.<\/p><\/p>\n\t\t\t\t\t\t\t\t\t<\/div>\n\t\t\t\t<\/div>\n\t\t\t\t<\/div>\n\t\t\t\t<section class=\"elementor-section elementor-inner-section elementor-element elementor-element-255add3 contact-form-icon-box elementor-section-boxed elementor-section-height-default elementor-section-height-default fbth-custom-animation-no FBTH-addons-sticky-no\" data-id=\"255add3\" data-element_type=\"section\" data-settings=\"{&quot;background_background&quot;:&quot;gradient&quot;,&quot;fbth_animation_on&quot;:&quot;no&quot;,&quot;_ha_eqh_enable&quot;:false,&quot;fbth_sticky&quot;:&quot;no&quot;}\">\n\t\t\t\t\t\t<div class=\"elementor-container elementor-column-gap-default\">\n\t\t\t\t\t<div class=\"elementor-column elementor-col-50 elementor-inner-column elementor-element elementor-element-89a7931\" data-id=\"89a7931\" data-element_type=\"column\">\n\t\t\t<div class=\"elementor-widget-wrap elementor-element-populated\">\n\t\t\t\t\t\t<div class=\"elementor-element elementor-element-86b6dc5 FBTH-addons-sticky-no elementor-widget elementor-widget-fbth-icon-box\" data-id=\"86b6dc5\" data-element_type=\"widget\" data-settings=\"{&quot;fbth_sticky&quot;:&quot;no&quot;}\" data-widget_type=\"fbth-icon-box.default\">\n\t\t\t\t<div class=\"elementor-widget-container\">\n\t\t\t\n\t\t\t<!-- box link  -->\n\t\t\t\n\t\t<div class=\"fbth-addons-feature-box-item fbth-addons-feature-icon-left fbth-addons-icon-position-top\">\n\n\t\t\t\t\t\t\t<div class=\"fbth-addons-feature-icon-wrap icon-background-no align-items-top\">\n\t\t\t\t\t<span class=\"fbth-addons-feature-icon icon-type-icon\">\n\t\t\t\t\t\t<svg xmlns=\"http:\/\/www.w3.org\/2000\/svg\" width=\"46\" height=\"46\" viewbox=\"0 0 46 46\" fill=\"none\"><rect x=\"0.5\" y=\"0.5\" width=\"45\" height=\"45\" rx=\"5.5\" stroke=\"#FFC000\"><\/rect><path fill-rule=\"evenodd\" clip-rule=\"evenodd\" d=\"M23.5004 10C19.0328 10 15.4004 13.6648 15.4004 18.1852C15.4004 19.7164 16.0748 21.616 17.0564 23.5108C19.2176 27.6832 22.8176 31.8856 22.8176 31.8856C22.988 32.0848 23.2376 32.2 23.5004 32.2C23.7632 32.2 24.0128 32.0848 24.1832 31.8856C24.1832 31.8856 27.7832 27.6832 29.9444 23.5108C30.926 21.616 31.6004 19.7164 31.6004 18.1852C31.6004 13.6648 27.968 10 23.5004 10ZM23.5004 14.8C21.6788 14.8 20.2004 16.2784 20.2004 18.1C20.2004 19.9216 21.6788 21.4 23.5004 21.4C25.322 21.4 26.8004 19.9216 26.8004 18.1C26.8004 16.2784 25.322 14.8 23.5004 14.8Z\" fill=\"#FFC000\"><\/path><path fill-rule=\"evenodd\" clip-rule=\"evenodd\" d=\"M29.2408 29.3522C30.2164 29.645 31.0204 30.0074 31.576 30.4322C31.936 30.7058 32.2 30.9734 32.2 31.2998C32.2 31.4918 32.0908 31.6658 31.9372 31.8398C31.6828 32.1266 31.3048 32.3846 30.8368 32.6246C29.1832 33.4706 26.5096 33.9998 23.5 33.9998C20.4904 33.9998 17.8168 33.4706 16.1632 32.6246C15.6952 32.3846 15.3172 32.1266 15.0628 31.8398C14.9092 31.6658 14.8 31.4918 14.8 31.2998C14.8 30.9734 15.064 30.7058 15.424 30.4322C15.9796 30.0074 16.7836 29.645 17.7592 29.3522C18.2344 29.2094 18.5044 28.7066 18.3616 28.2314C18.2188 27.755 17.716 27.485 17.2408 27.6278C15.7552 28.0754 14.6008 28.6886 13.9072 29.3666C13.2976 29.9606 13 30.6254 13 31.2998C13 32.1422 13.4764 32.9822 14.4448 33.683C16.144 34.9118 19.5568 35.7998 23.5 35.7998C27.4432 35.7998 30.856 34.9118 32.5552 33.683C33.5236 32.9822 34 32.1422 34 31.2998C34 30.6254 33.7024 29.9606 33.0928 29.3666C32.3992 28.6886 31.2448 28.0754 29.7592 27.6278C29.284 27.485 28.7812 27.755 28.6384 28.2314C28.4956 28.7066 28.7656 29.2094 29.2408 29.3522Z\" fill=\"#FFC000\"><\/path><\/svg>\t\t\t\t\t<\/span>\n\t\t\t\t<\/div>\n\t\t\t\n\t\t\t<div class=\"fbth-addons-feature-content-wrap\">\n\t\t\t\t<div class=\"fbth-iconbox-addons-feature-content\">\n\t\t\t\t\t<h2 class=\"fbth-addons-feature-title\">Endere\u00e7o do Escrit\u00f3rio<\/h2>\t\t\t\t\t\n\t\t\t\t\t\t\t\t\t\t\t<p class=\"fbth-size-default\">Los Militares 4611, Santiago do Chile, 7560968<\/p>\n\t\t\t\t\t\t\t\t\t<\/div>\n\t\t\t\t\n\t\t\t<\/div>\n\n\t\t<\/div> \n\n\t\t\t<!-- box link  -->\n\t\t\t\t\t\t<!-- box link  -->\n\t\t<\/div>\n\t\t\t\t<\/div>\n\t\t\t\t\t<\/div>\n\t\t<\/div>\n\t\t\t\t<div class=\"elementor-column elementor-col-50 elementor-inner-column elementor-element elementor-element-4b0b0a8\" data-id=\"4b0b0a8\" data-element_type=\"column\">\n\t\t\t<div class=\"elementor-widget-wrap elementor-element-populated\">\n\t\t\t\t\t\t<div class=\"elementor-element elementor-element-5ffd132 FBTH-addons-sticky-no elementor-widget elementor-widget-fbth-icon-box\" data-id=\"5ffd132\" data-element_type=\"widget\" data-settings=\"{&quot;fbth_sticky&quot;:&quot;no&quot;}\" data-widget_type=\"fbth-icon-box.default\">\n\t\t\t\t<div class=\"elementor-widget-container\">\n\t\t\t\n\t\t\t<!-- box link  -->\n\t\t\t\n\t\t<div class=\"fbth-addons-feature-box-item fbth-addons-feature-icon-left fbth-addons-icon-position-top\">\n\n\t\t\t\t\t\t\t<div class=\"fbth-addons-feature-icon-wrap icon-background-no align-items-top\">\n\t\t\t\t\t<span class=\"fbth-addons-feature-icon icon-type-icon\">\n\t\t\t\t\t\t<svg xmlns=\"http:\/\/www.w3.org\/2000\/svg\" width=\"46\" height=\"46\" viewbox=\"0 0 46 46\" fill=\"none\"><rect x=\"0.5\" y=\"0.5\" width=\"45\" height=\"45\" rx=\"5.5\" stroke=\"#FFC000\"><\/rect><path d=\"M34.9654 15.2147L27.6328 22.5001L34.9654 29.7855C35.098 29.5084 35.1784 29.2021 35.1784 28.8751V16.1251C35.1784 15.798 35.098 15.4918 34.9654 15.2147Z\" fill=\"#FFC000\"><\/path><path d=\"M33.053 14H13.1252C12.7981 14 12.4919 14.0804 12.2148 14.213L21.5867 23.5376C22.4153 24.3662 23.7629 24.3662 24.5915 23.5376L33.9633 14.213C33.6863 14.0804 33.3801 14 33.053 14Z\" fill=\"#FFC000\"><\/path><path d=\"M11.213 15.2147C11.0804 15.4918 11 15.798 11 16.1251V28.8751C11 29.2022 11.0804 29.5085 11.213 29.7855L18.5456 22.5001L11.213 15.2147Z\" fill=\"#FFC000\"><\/path><path d=\"M26.6308 23.5016L25.5931 24.5392C24.2124 25.9199 21.9657 25.9199 20.585 24.5392L19.5474 23.5016L12.2148 30.787C12.4919 30.9195 12.7981 30.9999 13.1252 30.9999H33.053C33.3801 30.9999 33.6863 30.9195 33.9633 30.787L26.6308 23.5016Z\" fill=\"#FFC000\"><\/path><\/svg>\t\t\t\t\t<\/span>\n\t\t\t\t<\/div>\n\t\t\t\n\t\t\t<div class=\"fbth-addons-feature-content-wrap\">\n\t\t\t\t<div class=\"fbth-iconbox-addons-feature-content\">\n\t\t\t\t\t<h2 class=\"fbth-addons-feature-title\">Endere\u00e7o de E-Mail<\/h2>\t\t\t\t\t\n\t\t\t\t\t\t\t\t\t\t\t<p class=\"fbth-size-default\">info@mscyber.co<\/p>\n\t\t\t\t\t\t\t\t\t<\/div>\n\t\t\t\t\n\t\t\t<\/div>\n\n\t\t<\/div> \n\n\t\t\t<!-- box link  -->\n\t\t\t\t\t\t<!-- box link  -->\n\t\t<\/div>\n\t\t\t\t<\/div>\n\t\t\t\t\t<\/div>\n\t\t<\/div>\n\t\t\t\t\t<\/div>\n\t\t<\/section>\n\t\t\t\t\t<\/div>\n\t\t<\/div>\n\t\t\t\t<div class=\"elementor-column elementor-col-50 elementor-inner-column elementor-element elementor-element-615620e\" data-id=\"615620e\" data-element_type=\"column\" data-settings=\"{&quot;background_background&quot;:&quot;classic&quot;}\">\n\t\t\t<div class=\"elementor-widget-wrap elementor-element-populated\">\n\t\t\t\t\t\t<div class=\"elementor-element elementor-element-3ede980 elementor-widget__width-initial contact-page-form FBTH-addons-sticky-no elementor-widget elementor-widget-rrdevs-contact-form\" data-id=\"3ede980\" data-element_type=\"widget\" data-settings=\"{&quot;fbth_sticky&quot;:&quot;no&quot;}\" data-widget_type=\"rrdevs-contact-form.default\">\n\t\t\t\t<div class=\"elementor-widget-container\">\n\t\t\t                    <div class=\"fbth--contactform-wraper  fbth-contact-from\">\n                \n<div class=\"wpcf7 no-js\" id=\"wpcf7-f6-o1\" lang=\"en-US\" dir=\"ltr\" data-wpcf7-id=\"6\">\n<div class=\"screen-reader-response\"><p role=\"status\" aria-live=\"polite\" aria-atomic=\"true\"><\/p> <ul><\/ul><\/div>\n<form action=\"\/pt\/wp-json\/wp\/v2\/pages\/1408#wpcf7-f6-o1\" method=\"post\" class=\"wpcf7-form init\" aria-label=\"Contact form\" novalidate=\"novalidate\" data-status=\"init\" data-trp-original-action=\"\/pt\/wp-json\/wp\/v2\/pages\/1408#wpcf7-f6-o1\">\n<fieldset class=\"hidden-fields-container\"><input type=\"hidden\" name=\"_wpcf7\" value=\"6\" \/><input type=\"hidden\" name=\"_wpcf7_version\" value=\"6.1.5\" \/><input type=\"hidden\" name=\"_wpcf7_locale\" value=\"en_US\" \/><input type=\"hidden\" name=\"_wpcf7_unit_tag\" value=\"wpcf7-f6-o1\" \/><input type=\"hidden\" name=\"_wpcf7_container_post\" value=\"0\" \/><input type=\"hidden\" name=\"_wpcf7_posted_data_hash\" value=\"\" \/>\n<\/fieldset>\n<div class=\"row contact-form-main\">\n\t<div class=\"col-md-6\">\n\t\t<p><label>Nome*<\/label><br \/>\n<span class=\"wpcf7-form-control-wrap\" data-name=\"text-561\"><input size=\"40\" maxlength=\"400\" class=\"wpcf7-form-control wpcf7-text wpcf7-validates-as-required\" aria-required=\"true\" aria-invalid=\"false\" value=\"\" type=\"text\" name=\"text-561\" \/><\/span>\n\t\t<\/p>\n\t<\/div>\n\t<div class=\"col-md-6\">\n\t\t<p><label>Sobrenome*<\/label><br \/>\n<span class=\"wpcf7-form-control-wrap\" data-name=\"text-38\"><input size=\"40\" maxlength=\"400\" class=\"wpcf7-form-control wpcf7-text wpcf7-validates-as-required\" aria-required=\"true\" aria-invalid=\"false\" value=\"\" type=\"text\" name=\"text-38\" \/><\/span>\n\t\t<\/p>\n\t<\/div>\n\t<div class=\"col-md-12\">\n\t\t<p><label>E-mail Comercial*<\/label><br \/>\n<span class=\"wpcf7-form-control-wrap\" data-name=\"email-458\"><input size=\"40\" maxlength=\"400\" class=\"wpcf7-form-control wpcf7-email wpcf7-validates-as-required wpcf7-text wpcf7-validates-as-email\" aria-required=\"true\" aria-invalid=\"false\" value=\"\" type=\"email\" name=\"email-458\" \/><\/span>\n\t\t<\/p>\n\t<\/div>\n\t<div class=\"col-md-12\">\n\t\t<p><label>Empresa*<\/label><br \/>\n<span class=\"wpcf7-form-control-wrap\" data-name=\"text-355\"><input size=\"40\" maxlength=\"400\" class=\"wpcf7-form-control wpcf7-text wpcf7-validates-as-required\" aria-required=\"true\" aria-invalid=\"false\" value=\"\" type=\"text\" name=\"text-355\" \/><\/span>\n\t\t<\/p>\n\t<\/div>\n\t<div class=\"col-md-12\">\n\t\t<p><label>N\u00famero de Telefone*<\/label><br \/>\n<span class=\"wpcf7-form-control-wrap\" data-name=\"tel-417\"><input size=\"40\" maxlength=\"400\" class=\"wpcf7-form-control wpcf7-tel wpcf7-validates-as-required wpcf7-text wpcf7-validates-as-tel\" aria-required=\"true\" aria-invalid=\"false\" value=\"\" type=\"tel\" name=\"tel-417\" \/><\/span>\n\t\t<\/p>\n\t<\/div>\n\t<div class=\"col-md-12 cf7-country-form\">\n\t\t<p><label>Pa\u00eds*<\/label><br \/>\n<span class=\"wpcf7-form-control-wrap\" data-name=\"country\"><select class=\"wpcf7-form-control wpcf7-select\" aria-invalid=\"false\" name=\"country\"><option value=\"Mexico\">M\u00e9xico<\/option><option value=\"Brazil\">Brasil<\/option><option value=\"Venezuela\">Venezuela<\/option><option value=\"Paraguay\">Paraguai<\/option><option value=\"Honduras\">Honduras<\/option><option value=\"Costa Rica\">Costa Rica<\/option><option value=\"Cuba\">Cuba<\/option><option value=\"Martinique\">Martinica<\/option><option value=\"Saint Lucia\">Santa L\u00facia<\/option><option value=\"Saint Barthelemy\">S\u00e3o Bartolomeu<\/option><option value=\"Suriname\">Suriname<\/option><option value=\"Grenada\">Granada<\/option><option value=\"U.S Virgin Islands\">Ilhas Virgens Americanas<\/option><option value=\"British Virgin Islands\">Ilhas Virgens Brit\u00e2nicas<\/option><option value=\"Trinidad and Tobago\">Trinidad e Tobago<\/option><option value=\"Sint Maarten\">S\u00e3o Martinho<\/option><option value=\"Falkland Islands\">Ilhas Falkland<\/option><option value=\"Argentina\">Argentina<\/option><option value=\"Chile\">Chile<\/option><option value=\"Equador\">Equador<\/option><option value=\"Guatemala\">Guatemala<\/option><option value=\"Colombia\">Col\u00f4mbia<\/option><option value=\"El Salvador\">El Salvador<\/option><option value=\"Haiti\">Haiti<\/option><option value=\"Guadeloupe\">Guadalupe<\/option><option value=\"Antigua and Barbuda\">Ant\u00edgua e Barbuda<\/option><option value=\"Dominica\">Dominica<\/option><option value=\"Belize\">Belize<\/option><option value=\"Saint Kitts and Nevis\">S\u00e3o Crist\u00f3v\u00e3o e N\u00e9vis<\/option><option value=\"Jamaica\">Jamaica<\/option><option value=\"Anguilla\">Anguilla<\/option><option value=\"Cyman Islands\">Ilhas Cyman<\/option><option value=\"Aruba\">Aruba<\/option><option value=\"Caribbean Netherlands\">Caribe - Pa\u00edses Baixos<\/option><option value=\"Uruguay\">Uruguai<\/option><option value=\"Bolivia\">Bol\u00edvia<\/option><option value=\"Panama\">Panam\u00e1<\/option><option value=\"Nicaragua\">Nicar\u00e1gua<\/option><option value=\"Peru\">Peru<\/option><option value=\"Dominican Republic\">Rep\u00fablica Dominicana<\/option><option value=\"Puerto Rico\">Porto Rico<\/option><option value=\"French Guiana\">Guiana Francesa<\/option><option value=\"Saint Martin\">S\u00e3o Martinho<\/option><option value=\"Guyana\">Guiana<\/option><option value=\"The Bahamas\">Bahamas<\/option><option value=\"Saint Vincent and the Grenadines\">S\u00e3o Vicente e Granadinas<\/option><option value=\"Montserrat\">Montserrat<\/option><option value=\"Barbados\">Barbados<\/option><option value=\"Turks and Caicos Islands\">Ilhas Turcas e Caicos<\/option><option value=\"Curacao\">Cura\u00e7ao<\/option><option value=\"Spain\">Espanha<\/option><\/select><\/span>\n\t\t<\/p>\n\t<\/div>\n\t<div class=\"col-md-12 cf7-message-box\">\n\t\t<p><label>Como podemos ajudar voc\u00ea?*<\/label><br \/>\n<span class=\"wpcf7-form-control-wrap\" data-name=\"textarea-790\"><textarea cols=\"40\" rows=\"10\" maxlength=\"2000\" class=\"wpcf7-form-control wpcf7-textarea wpcf7-validates-as-required\" aria-required=\"true\" aria-invalid=\"false\" placeholder=\"\" name=\"textarea-790\"><\/textarea><\/span>\n\t\t<\/p>\n\t<\/div>\n\t<div class=\"col-md-12\">\n\t\t<div class=\"contact-form-buttons\">\n\t\t\t<p><button class=\"cancel-button\" type=\"reset\">Cancelar<\/button><br \/>\n<button class=\"contact-btn\" type=\"submit\">Enviar<\/button>\n\t\t\t<\/p>\n\t\t<\/div>\n\t<\/div>\n<\/div><p style=\"display: none !important;\" class=\"akismet-fields-container\" data-prefix=\"_wpcf7_ak_\"><label>\u0394<textarea name=\"_wpcf7_ak_hp_textarea\" cols=\"45\" rows=\"8\" maxlength=\"100\"><\/textarea><\/label><input type=\"hidden\" id=\"ak_js_1\" name=\"_wpcf7_ak_js\" value=\"194\"\/><script>document.getElementById( \"ak_js_1\" ).setAttribute( \"value\", ( new Date() ).getTime() );<\/script><\/p><div class=\"wpcf7-response-output\" aria-hidden=\"true\"><\/div>\n<input type=\"hidden\" name=\"trp-form-language\" value=\"pt\"\/><\/form>\n<\/div>\n            <\/div>\n        \t\t<\/div>\n\t\t\t\t<\/div>\n\t\t\t\t\t<\/div>\n\t\t<\/div>\n\t\t\t\t\t<\/div>\n\t\t<\/section>\n\t\t\t\t\t<\/div>\n\t\t<\/div>\n\t\t\t\t\t<\/div>\n\t\t<\/section>\n\t\t\t\t<\/div>","protected":false},"excerpt":{"rendered":"<p>Entre em contato conosco Se tiver alguma d\u00favida sobre nossos servi\u00e7os, estiver interessado em fazer uma parceria conosco ou apenas quiser saber mais, nossa equipe est\u00e1 \u00e0 sua disposi\u00e7\u00e3o.<\/p>","protected":false},"author":1,"featured_media":0,"parent":0,"menu_order":0,"comment_status":"closed","ping_status":"closed","template":"elementor_header_footer","meta":{"inline_featured_image":false,"_monsterinsights_skip_tracking":false,"_monsterinsights_sitenote_active":false,"_monsterinsights_sitenote_note":"","_monsterinsights_sitenote_category":0,"two_page_speed":[],"footnotes":""},"class_list":["post-1408","page","type-page","status-publish","hentry"],"aioseo_notices":[],"yoast_head":"<!-- This site is optimized with the Yoast SEO plugin v27.3 - https:\/\/yoast.com\/product\/yoast-seo-wordpress\/ -->\n<title>Contact us - Mercurius Cyber &amp; Fraud Defense<\/title>\n<meta name=\"robots\" content=\"index, follow, max-snippet:-1, max-image-preview:large, max-video-preview:-1\" \/>\n<link rel=\"canonical\" href=\"https:\/\/mscyber.co\/pt\/entre-em-contato-conosco\/\" \/>\n<meta property=\"og:locale\" content=\"pt_BR\" \/>\n<meta property=\"og:type\" content=\"article\" \/>\n<meta property=\"og:title\" content=\"Contact us - Mercurius Cyber &amp; Fraud Defense\" \/>\n<meta property=\"og:description\" content=\"Contact Us If you have any questions about our services, are interested in partnering with us, or just want to learn more, our team is\" \/>\n<meta property=\"og:url\" content=\"https:\/\/mscyber.co\/pt\/entre-em-contato-conosco\/\" \/>\n<meta property=\"og:site_name\" content=\"Mercurius Cyber &amp; Fraud Defense\" \/>\n<meta property=\"article:modified_time\" content=\"2024-12-04T16:35:27+00:00\" \/>\n<meta name=\"twitter:card\" content=\"summary_large_image\" \/>\n<script type=\"application\/ld+json\" class=\"yoast-schema-graph\">{\"@context\":\"https:\\\/\\\/schema.org\",\"@graph\":[{\"@type\":\"WebPage\",\"@id\":\"https:\\\/\\\/mscyber.co\\\/contact-us\\\/\",\"url\":\"https:\\\/\\\/mscyber.co\\\/contact-us\\\/\",\"name\":\"Contact us - Mercurius Cyber &amp; Fraud Defense\",\"isPartOf\":{\"@id\":\"https:\\\/\\\/mscyber.co\\\/#website\"},\"datePublished\":\"2024-12-04T12:40:13+00:00\",\"dateModified\":\"2024-12-04T16:35:27+00:00\",\"breadcrumb\":{\"@id\":\"https:\\\/\\\/mscyber.co\\\/contact-us\\\/#breadcrumb\"},\"inLanguage\":\"pt-BR\",\"potentialAction\":[{\"@type\":\"ReadAction\",\"target\":[\"https:\\\/\\\/mscyber.co\\\/contact-us\\\/\"]}]},{\"@type\":\"BreadcrumbList\",\"@id\":\"https:\\\/\\\/mscyber.co\\\/contact-us\\\/#breadcrumb\",\"itemListElement\":[{\"@type\":\"ListItem\",\"position\":1,\"name\":\"Home\",\"item\":\"https:\\\/\\\/mscyber.co\\\/\"},{\"@type\":\"ListItem\",\"position\":2,\"name\":\"Contact us\"}]},{\"@type\":\"WebSite\",\"@id\":\"https:\\\/\\\/mscyber.co\\\/#website\",\"url\":\"https:\\\/\\\/mscyber.co\\\/\",\"name\":\"Mercurius Cyber & Fraud Defense\",\"description\":\"Protect your business against digital fraud with artificial intelligence.\",\"potentialAction\":[{\"@type\":\"SearchAction\",\"target\":{\"@type\":\"EntryPoint\",\"urlTemplate\":\"https:\\\/\\\/mscyber.co\\\/?s={search_term_string}\"},\"query-input\":{\"@type\":\"PropertyValueSpecification\",\"valueRequired\":true,\"valueName\":\"search_term_string\"}}],\"inLanguage\":\"pt-BR\"}]}<\/script>\n<!-- \/ Yoast SEO plugin. -->","yoast_head_json":{"title":"Entre em contato conosco - Mercurius Cyber &amp; Fraud Defense","robots":{"index":"index","follow":"follow","max-snippet":"max-snippet:-1","max-image-preview":"max-image-preview:large","max-video-preview":"max-video-preview:-1"},"canonical":"https:\/\/mscyber.co\/pt\/entre-em-contato-conosco\/","og_locale":"pt_BR","og_type":"article","og_title":"Contact us - Mercurius Cyber &amp; Fraud Defense","og_description":"Contact Us If you have any questions about our services, are interested in partnering with us, or just want to learn more, our team is","og_url":"https:\/\/mscyber.co\/pt\/entre-em-contato-conosco\/","og_site_name":"Mercurius Cyber &amp; Fraud Defense","article_modified_time":"2024-12-04T16:35:27+00:00","twitter_card":"summary_large_image","schema":{"@context":"https:\/\/schema.org","@graph":[{"@type":"WebPage","@id":"https:\/\/mscyber.co\/contact-us\/","url":"https:\/\/mscyber.co\/contact-us\/","name":"Entre em contato conosco - Mercurius Cyber &amp; Fraud Defense","isPartOf":{"@id":"https:\/\/mscyber.co\/#website"},"datePublished":"2024-12-04T12:40:13+00:00","dateModified":"2024-12-04T16:35:27+00:00","breadcrumb":{"@id":"https:\/\/mscyber.co\/contact-us\/#breadcrumb"},"inLanguage":"pt-BR","potentialAction":[{"@type":"ReadAction","target":["https:\/\/mscyber.co\/contact-us\/"]}]},{"@type":"BreadcrumbList","@id":"https:\/\/mscyber.co\/contact-us\/#breadcrumb","itemListElement":[{"@type":"ListItem","position":1,"name":"Home","item":"https:\/\/mscyber.co\/"},{"@type":"ListItem","position":2,"name":"Contact us"}]},{"@type":"WebSite","@id":"https:\/\/mscyber.co\/#website","url":"https:\/\/mscyber.co\/","name":"Defesa cibern\u00e9tica e contra fraudes da Mercurius","description":"Proteja sua empresa contra fraudes digitais com intelig\u00eancia artificial.","potentialAction":[{"@type":"SearchAction","target":{"@type":"EntryPoint","urlTemplate":"https:\/\/mscyber.co\/?s={search_term_string}"},"query-input":{"@type":"PropertyValueSpecification","valueRequired":true,"valueName":"search_term_string"}}],"inLanguage":"pt-BR"}]}},"_hostinger_reach_plugin_has_subscription_block":false,"_hostinger_reach_plugin_is_elementor":false,"_links":{"self":[{"href":"https:\/\/mscyber.co\/pt\/wp-json\/wp\/v2\/pages\/1408","targetHints":{"allow":["GET"]}}],"collection":[{"href":"https:\/\/mscyber.co\/pt\/wp-json\/wp\/v2\/pages"}],"about":[{"href":"https:\/\/mscyber.co\/pt\/wp-json\/wp\/v2\/types\/page"}],"author":[{"embeddable":true,"href":"https:\/\/mscyber.co\/pt\/wp-json\/wp\/v2\/users\/1"}],"replies":[{"embeddable":true,"href":"https:\/\/mscyber.co\/pt\/wp-json\/wp\/v2\/comments?post=1408"}],"version-history":[{"count":34,"href":"https:\/\/mscyber.co\/pt\/wp-json\/wp\/v2\/pages\/1408\/revisions"}],"predecessor-version":[{"id":1448,"href":"https:\/\/mscyber.co\/pt\/wp-json\/wp\/v2\/pages\/1408\/revisions\/1448"}],"wp:attachment":[{"href":"https:\/\/mscyber.co\/pt\/wp-json\/wp\/v2\/media?parent=1408"}],"curies":[{"name":"wp","href":"https:\/\/api.w.org\/{rel}","templated":true}]}}