{"id":2287,"date":"2025-09-09T16:23:34","date_gmt":"2025-09-09T16:23:34","guid":{"rendered":"https:\/\/mscyber.co\/?page_id=2287"},"modified":"2025-09-09T19:30:27","modified_gmt":"2025-09-09T19:30:27","slug":"proximamente","status":"publish","type":"page","link":"https:\/\/mscyber.co\/es\/coming-soon\/","title":{"rendered":"Pr\u00f3ximamente"},"content":{"rendered":"<div data-elementor-type=\"wp-page\" data-elementor-id=\"2287\" class=\"elementor elementor-2287\" data-elementor-settings=\"{&quot;ha_cmc_init_switcher&quot;:&quot;no&quot;}\">\n\t\t\t\t\t\t<section class=\"elementor-section elementor-top-section elementor-element elementor-element-668f8ef elementor-section-full_width elementor-section-height-min-height elementor-section-height-default elementor-section-items-middle fbth-custom-animation-no FBTH-addons-sticky-no\" data-id=\"668f8ef\" data-element_type=\"section\" data-settings=\"{&quot;background_background&quot;:&quot;classic&quot;,&quot;fbth_animation_on&quot;:&quot;no&quot;,&quot;_ha_eqh_enable&quot;:false,&quot;fbth_sticky&quot;:&quot;no&quot;}\">\n\t\t\t\t\t\t<div class=\"elementor-container elementor-column-gap-default\">\n\t\t\t\t\t<div class=\"elementor-column elementor-col-100 elementor-top-column elementor-element elementor-element-1391dcd\" data-id=\"1391dcd\" data-element_type=\"column\">\n\t\t\t<div class=\"elementor-widget-wrap elementor-element-populated\">\n\t\t\t\t\t\t<section class=\"elementor-section elementor-inner-section elementor-element elementor-element-73c3e20 elementor-section-full_width elementor-section-height-default elementor-section-height-default fbth-custom-animation-no FBTH-addons-sticky-no\" data-id=\"73c3e20\" data-element_type=\"section\" data-settings=\"{&quot;fbth_animation_on&quot;:&quot;no&quot;,&quot;_ha_eqh_enable&quot;:false,&quot;fbth_sticky&quot;:&quot;no&quot;}\">\n\t\t\t\t\t\t<div class=\"elementor-container elementor-column-gap-default\">\n\t\t\t\t\t<div class=\"elementor-column elementor-col-50 elementor-inner-column elementor-element elementor-element-400183a\" data-id=\"400183a\" data-element_type=\"column\">\n\t\t\t<div class=\"elementor-widget-wrap elementor-element-populated\">\n\t\t\t\t\t\t<div class=\"elementor-element elementor-element-929ac70 FBTH-addons-sticky-no elementor-widget elementor-widget-fbth-logo\" data-id=\"929ac70\" data-element_type=\"widget\" data-settings=\"{&quot;fbth_sticky&quot;:&quot;no&quot;}\" data-widget_type=\"fbth-logo.default\">\n\t\t\t\t<div class=\"elementor-widget-container\">\n\t\t\t        <div class=\"fbth-site-logo content-align-\">\n            <a href=\"https:\/\/mscyber.co\/es\" class=\"fbth-site-logo-wrap\">\n                <span class='site-logo'><img decoding=\"async\" src=\"https:\/\/mscyber.co\/wp-content\/uploads\/2025\/09\/logo.png\" title=\"logotipo\" alt=\"logotipo\" loading=\"lazy\" \/><\/span>            <\/a>\n\n        <\/div>\n\t\t<\/div>\n\t\t\t\t<\/div>\n\t\t\t\t<div class=\"elementor-element elementor-element-8e0013c elementor-widget__width-initial FBTH-addons-sticky-no elementor-widget elementor-widget-heading\" data-id=\"8e0013c\" data-element_type=\"widget\" data-settings=\"{&quot;fbth_sticky&quot;:&quot;no&quot;}\" data-widget_type=\"heading.default\">\n\t\t\t\t<div class=\"elementor-widget-container\">\n\t\t\t<h2 class=\"elementor-heading-title elementor-size-default\">Logotipo<\/h2>\t\t<\/div>\n\t\t\t\t<\/div>\n\t\t\t\t\t<\/div>\n\t\t<\/div>\n\t\t\t\t<div class=\"elementor-column elementor-col-50 elementor-inner-column elementor-element elementor-element-1de660b\" data-id=\"1de660b\" data-element_type=\"column\">\n\t\t\t<div class=\"elementor-widget-wrap elementor-element-populated\">\n\t\t\t\t\t\t<div class=\"elementor-element elementor-element-606910f elementor-widget__width-initial subs-form FBTH-addons-sticky-no elementor-widget elementor-widget-rrdevs-contact-form\" data-id=\"606910f\" data-element_type=\"widget\" data-settings=\"{&quot;fbth_sticky&quot;:&quot;no&quot;}\" data-widget_type=\"rrdevs-contact-form.default\">\n\t\t\t\t<div class=\"elementor-widget-container\">\n\t\t\t                    <div class=\"fbth--contactform-wraper  fbth-contact-from\">\n                \n<div class=\"wpcf7 no-js\" id=\"wpcf7-f2292-o1\" lang=\"en-US\" dir=\"ltr\" data-wpcf7-id=\"2292\">\n<div class=\"screen-reader-response\"><p role=\"status\" aria-live=\"polite\" aria-atomic=\"true\"><\/p> <ul><\/ul><\/div>\n<form action=\"\/es\/wp-json\/wp\/v2\/pages\/2287#wpcf7-f2292-o1\" method=\"post\" class=\"wpcf7-form init\" aria-label=\"Formulario de contacto\" novalidate=\"novalidate\" data-status=\"init\" data-trp-original-action=\"\/es\/wp-json\/wp\/v2\/pages\/2287#wpcf7-f2292-o1\">\n<fieldset class=\"hidden-fields-container\"><input type=\"hidden\" name=\"_wpcf7\" value=\"2292\" \/><input type=\"hidden\" name=\"_wpcf7_version\" value=\"6.1.5\" \/><input type=\"hidden\" name=\"_wpcf7_locale\" value=\"en_US\" \/><input type=\"hidden\" name=\"_wpcf7_unit_tag\" value=\"wpcf7-f2292-o1\" \/><input type=\"hidden\" name=\"_wpcf7_container_post\" value=\"0\" \/><input type=\"hidden\" name=\"_wpcf7_posted_data_hash\" value=\"\" \/>\n<\/fieldset>\n<div class=\"row contact-form-main\">\n\t<div class=\"col-md-12 subs-form\">\n\t\t<p><span class=\"wpcf7-form-control-wrap\" data-name=\"email-538\"><input size=\"40\" maxlength=\"400\" class=\"wpcf7-form-control wpcf7-email wpcf7-validates-as-required wpcf7-text wpcf7-validates-as-email\" aria-required=\"true\" aria-invalid=\"false\" placeholder=\"Introduzca su direcci\u00f3n de correo electr\u00f3nico\" value=\"\" type=\"email\" name=\"email-538\" \/><\/span>\n\t\t<\/p>\n\t\t<div class=\"contact-form-btn\">\n\t\t\t<p><button class=\"contact-btn-subs\" type=\"submit\">Recibir notificaciones<\/button>\n\t\t\t<\/p>\n\t\t<\/div>\n\t<\/div>\n<\/div><p style=\"display: none !important;\" class=\"akismet-fields-container\" data-prefix=\"_wpcf7_ak_\"><label>\u0394<textarea name=\"_wpcf7_ak_hp_textarea\" cols=\"45\" rows=\"8\" maxlength=\"100\"><\/textarea><\/label><input type=\"hidden\" id=\"ak_js_1\" name=\"_wpcf7_ak_js\" value=\"138\"\/><script>document.getElementById( \"ak_js_1\" ).setAttribute( \"value\", ( new Date() ).getTime() );<\/script><\/p><div class=\"wpcf7-response-output\" aria-hidden=\"true\"><\/div>\n<input type=\"hidden\" name=\"trp-form-language\" value=\"es\"\/><\/form>\n<\/div>\n            <\/div>\n        \t\t<\/div>\n\t\t\t\t<\/div>\n\t\t\t\t\t<\/div>\n\t\t<\/div>\n\t\t\t\t\t<\/div>\n\t\t<\/section>\n\t\t\t\t<section class=\"elementor-section elementor-inner-section elementor-element elementor-element-b6b0079 elementor-section-full_width elementor-section-height-default elementor-section-height-default fbth-custom-animation-no FBTH-addons-sticky-no\" data-id=\"b6b0079\" data-element_type=\"section\" data-settings=\"{&quot;fbth_animation_on&quot;:&quot;no&quot;,&quot;_ha_eqh_enable&quot;:false,&quot;fbth_sticky&quot;:&quot;no&quot;}\">\n\t\t\t\t\t\t<div class=\"elementor-container elementor-column-gap-default\">\n\t\t\t\t\t<div class=\"elementor-column elementor-col-100 elementor-inner-column elementor-element elementor-element-9049eb1\" data-id=\"9049eb1\" data-element_type=\"column\">\n\t\t\t<div class=\"elementor-widget-wrap elementor-element-populated\">\n\t\t\t\t\t\t<div class=\"elementor-element elementor-element-1e4eeb8 FBTH-addons-sticky-no elementor-widget elementor-widget-html\" data-id=\"1e4eeb8\" data-element_type=\"widget\" data-settings=\"{&quot;fbth_sticky&quot;:&quot;no&quot;}\" data-widget_type=\"html.default\">\n\t\t\t\t<div class=\"elementor-widget-container\">\n\t\t\t<!DOCTYPE html>\r\n<html lang=\"en\">\r\n<head>\r\n  <meta charset=\"UTF-8\" \/>\r\n  <meta name=\"viewport\" content=\"width=device-width, initial-scale=1.0\"\/>\r\n  <title>Pr\u00f3ximamente<\/title>\r\n  <style>\r\n  \r\n    .countdown {\r\n    display: flex;\r\n    justify-content: center;\r\n    gap: 24px;\r\n    margin-bottom: 40px;\r\n    font-size: 22px;\r\n    color: #b9c3d9;\r\n    align-items: center;\r\n}\r\n\r\n    .countdown div {\r\n      text-align: center;\r\n    }\r\n\r\n    .countdown span {\r\n      display: block;\r\n      font-size: 28px;\r\n      font-weight: bold;\r\n      color: #ffffff;\r\n    }\r\n    .countdown span,  .countdown .div-dot {\r\n    font-family: \"Antonio\", Sans-serif;\r\n    font-weight: 700;\r\n    font-size: 56px;\r\n    line-height: 150%;\r\n    letter-spacing: 6px;\r\n    vertical-align: middle;\r\n    text-transform: uppercase;\r\n    color: #0B1831;\r\n}\r\nh1{\r\n       display: flex;\r\n      align-items: center;\r\n      justify-content: center;\r\n      gap: 20px;\r\n      flex-wrap: wrap;\r\n}\r\n    h1 span {\r\n        font-family: \"Antonio\", Sans-serif;\r\nfont-weight: 700;\r\nfont-style: Bold;\r\nfont-size: 190px;\r\nline-height: 150%;\r\nletter-spacing: 4px;\r\nvertical-align: middle;\r\ntext-transform: uppercase;\r\ncolor:#8195B9;\r\n    }\r\n.countdown small {\r\n    font-family: \"Antonio\", Sans-serif;\r\n    font-weight: 700;\r\n    font-style: Bold;\r\n    font-size: 26px;\r\n    leading-trim: NONE;\r\n    line-height: 150%;\r\n    letter-spacing: 6px;\r\n    vertical-align: middle;\r\n    text-transform: uppercase;\r\n    color:#8195B9;\r\n}\r\n    .flip {\r\n         font-family: \"Antonio\", Sans-serif;\r\n      display: inline-block;\r\n      background: #0d1320;\r\n      color: #ffffff;\r\n      font-size: 70px;\r\n      font-weight: bold;\r\n      padding: 20px 30px;\r\n      border-radius: 12px;\r\n      box-shadow: 0 4px 15px rgba(0,0,0,0.4);\r\nfont-weight: 700;\r\nfont-style: Bold;\r\nfont-size: 230px;\r\nline-height: 120%;\r\nletter-spacing: 4px;\r\ntext-align: center;\r\nvertical-align: middle;\r\ntext-transform: uppercase;\r\n\r\n    }\r\n\r\n  .seconds-label {\r\n    font-size: 20px;\r\n    color: #8ea0c7;\r\n    line-height: 150%;\r\n    margin-top: 5px;\r\n    letter-spacing: 25px;\r\n    font-family: \"Antonio\", Sans-serif;\r\n    text-align: center;\r\n}\r\n\r\n  @media screen and (max-width: 1500px) {\r\n        \r\n       h1 span {\r\n    font-size: 120px;\r\n} \r\n        .flip {\r\n    font-size: 120px;\r\n\r\n}\r\n    }\r\n\r\n\r\n    @media screen and (max-width: 1024px) {\r\n        \r\n       h1 span {\r\n    font-size: 96px;\r\n} \r\n        .flip {\r\n    font-size: 96px;\r\n\r\n}\r\n    }\r\n\r\n\r\n  @media screen and (max-width: 767px) {\r\n        \r\n       h1 span {\r\n    font-size: 50px;\r\n} \r\n        .flip {\r\n    font-size: 50px;\r\n\r\n}\r\n\r\n.countdown span, .countdown .div-dot {\r\n    font-size: 32px;\r\n}\r\n\r\n.countdown small {\r\n    font-size: 18px;\r\n}\r\n    }\r\n\r\n\r\n\r\n\r\n\r\n\r\n\r\n\r\n\r\n\r\n\r\n\r\n  <\/style>\r\n<\/head>\r\n<body>\r\n\r\n  <div class=\"countdown\">\r\n    <div><span id=\"days\">29<\/span><small>D\u00cdAS<\/small><\/div>\r\n    <div class=\"div-dot\">:<\/div>\r\n    <div><span id=\"hours\">09<\/span><small>HORA<\/small><\/div>\r\n    <div class=\"div-dot\">:<\/div>\r\n    <div><span id=\"minutes\">59<\/span><small>MIN<\/small><\/div>\r\n  <\/div>\r\n\r\n  <h1 class=\"com-head\">\r\n   <span>VUELVE<\/span> \r\n    <div class=\"text-center\">\r\n      <div id=\"seconds\" class=\"flip\">60<\/div>\r\n      <div class=\"seconds-label\">SEGUNDOS<\/div>\r\n    <\/div>\r\n    <span>PRONTO<\/span>\r\n    \r\n  <\/h1>\r\n\r\n  <script>\r\n    \/\/ \u0995\u09be\u0989\u09a8\u09cd\u099f\u09a1\u09be\u0989\u09a8 \u09b6\u09c7\u09b7 \u09b9\u0993\u09df\u09be\u09b0 \u09a4\u09be\u09b0\u09bf\u0996 \u09a6\u09bf\u09a8\r\n    const targetDate = new Date().getTime() + (29 * 24 * 60 * 60 * 1000); \r\n\r\n    function updateCountdown() {\r\n      const now = new Date().getTime();\r\n      const distance = targetDate - now;\r\n\r\n      if (distance < 0) {\r\n        document.querySelector(\"h1\").innerHTML = \"We are live!\";\r\n        return;\r\n      }\r\n\r\n      const days = Math.floor(distance \/ (1000 * 60 * 60 * 24));\r\n      const hours = Math.floor((distance % (1000 * 60 * 60 * 24)) \/ (1000 * 60 * 60));\r\n      const minutes = Math.floor((distance % (1000 * 60 * 60)) \/ (1000 * 60));\r\n      const seconds = Math.floor((distance % (1000 * 60)) \/ 1000);\r\n\r\n      document.getElementById(\"days\").textContent = days;\r\n      document.getElementById(\"hours\").textContent = (\"0\" + hours).slice(-2);\r\n      document.getElementById(\"minutes\").textContent = (\"0\" + minutes).slice(-2);\r\n      document.getElementById(\"seconds\").textContent = (\"0\" + seconds).slice(-2);\r\n    }\r\n\r\n    setInterval(updateCountdown, 1000);\r\n    updateCountdown();\r\n  <\/script>\r\n\r\n<\/body>\r\n<\/html>\r\n\t\t<\/div>\n\t\t\t\t<\/div>\n\t\t\t\t\t<\/div>\n\t\t<\/div>\n\t\t\t\t\t<\/div>\n\t\t<\/section>\n\t\t\t\t<section class=\"elementor-section elementor-inner-section elementor-element elementor-element-db565b2 elementor-section-boxed elementor-section-height-default elementor-section-height-default fbth-custom-animation-no FBTH-addons-sticky-no\" data-id=\"db565b2\" data-element_type=\"section\" data-settings=\"{&quot;fbth_animation_on&quot;:&quot;no&quot;,&quot;_ha_eqh_enable&quot;:false,&quot;fbth_sticky&quot;:&quot;no&quot;}\">\n\t\t\t\t\t\t<div class=\"elementor-container elementor-column-gap-default\">\n\t\t\t\t\t<div class=\"elementor-column elementor-col-100 elementor-inner-column elementor-element elementor-element-216dad0\" data-id=\"216dad0\" data-element_type=\"column\">\n\t\t\t<div class=\"elementor-widget-wrap elementor-element-populated\">\n\t\t\t\t\t\t<div class=\"elementor-element elementor-element-6fe884f elementor-widget__width-auto FBTH-addons-sticky-no elementor-widget elementor-widget-image\" data-id=\"6fe884f\" data-element_type=\"widget\" data-settings=\"{&quot;fbth_sticky&quot;:&quot;no&quot;}\" data-widget_type=\"image.default\">\n\t\t\t\t<div class=\"elementor-widget-container\">\n\t\t\t\t\t\t\t\t\t\t\t\t\t<img decoding=\"async\" width=\"39\" height=\"38\" src=\"https:\/\/mscyber.co\/wp-content\/uploads\/2025\/09\/Group-1171275956.png\" class=\"attachment-large size-large wp-image-2383\" alt=\"\" srcset=\"https:\/\/mscyber.co\/wp-content\/uploads\/2025\/09\/Group-1171275956.png 39w, https:\/\/mscyber.co\/wp-content\/uploads\/2025\/09\/Group-1171275956-12x12.png 12w\" sizes=\"(max-width: 39px) 100vw, 39px\" \/>\t\t\t\t\t\t\t\t\t\t\t\t\t<\/div>\n\t\t\t\t<\/div>\n\t\t\t\t<div class=\"elementor-element elementor-element-28ec06a FBTH-addons-sticky-no elementor-widget elementor-widget-heading\" data-id=\"28ec06a\" data-element_type=\"widget\" data-settings=\"{&quot;fbth_sticky&quot;:&quot;no&quot;}\" data-widget_type=\"heading.default\">\n\t\t\t\t<div class=\"elementor-widget-container\">\n\t\t\t<h2 class=\"elementor-heading-title elementor-size-default\">Pronto llegaremos...<\/h2>\t\t<\/div>\n\t\t\t\t<\/div>\n\t\t\t\t<div class=\"elementor-element elementor-element-123d549 fbth-size-default FBTH-addons-sticky-no elementor-widget elementor-widget-text-editor\" data-id=\"123d549\" data-element_type=\"widget\" data-settings=\"{&quot;fbth_sticky&quot;:&quot;no&quot;}\" data-widget_type=\"text-editor.default\">\n\t\t\t\t<div class=\"elementor-widget-container\">\n\t\t\t\t\t\t\t<p>Prep\u00e1rese Mercurius Cybersecurity, trae el futuro de la protecci\u00f3n impulsada por IA a su negocio. La pr\u00f3xima gran novedad en seguridad digital, \u00a1pr\u00f3ximamente!<\/p>\t\t\t\t\t\t<\/div>\n\t\t\t\t<\/div>\n\t\t\t\t\t<\/div>\n\t\t<\/div>\n\t\t\t\t\t<\/div>\n\t\t<\/section>\n\t\t\t\t\t<\/div>\n\t\t<\/div>\n\t\t\t\t\t<\/div>\n\t\t<\/section>\n\t\t\t\t<\/div>","protected":false},"excerpt":{"rendered":"<p>Logo Get Notified &#916; Coming Soon 29DAYS : 09HOUR : 59MIN COMING 60 SECONDS SOON We\u2019re coming soon&#8230; Get ready! Mercurius Cybersecurity, bringing the future<\/p>","protected":false},"author":1,"featured_media":0,"parent":0,"menu_order":0,"comment_status":"closed","ping_status":"closed","template":"elementor_canvas","meta":{"inline_featured_image":false,"_monsterinsights_skip_tracking":false,"_monsterinsights_sitenote_active":false,"_monsterinsights_sitenote_note":"","_monsterinsights_sitenote_category":0,"two_page_speed":null,"footnotes":""},"class_list":["post-2287","page","type-page","status-publish","hentry"],"aioseo_notices":[],"yoast_head":"<!-- This site is optimized with the Yoast SEO plugin v27.4 - https:\/\/yoast.com\/product\/yoast-seo-wordpress\/ -->\n<title>Coming Soon - Mercurius Cyber &amp; Fraud Defense<\/title>\n<meta name=\"robots\" content=\"index, follow, max-snippet:-1, max-image-preview:large, max-video-preview:-1\" \/>\n<link rel=\"canonical\" href=\"https:\/\/mscyber.co\/es\/proximamente\/\" \/>\n<meta property=\"og:locale\" content=\"es_ES\" \/>\n<meta property=\"og:type\" content=\"article\" \/>\n<meta property=\"og:title\" content=\"Coming Soon - Mercurius Cyber &amp; Fraud Defense\" \/>\n<meta property=\"og:description\" content=\"Logo Get Notified &#916; Coming Soon 29DAYS : 09HOUR : 59MIN COMING 60 SECONDS SOON We\u2019re coming soon&#8230; Get ready! Mercurius Cybersecurity, bringing the future\" \/>\n<meta property=\"og:url\" content=\"https:\/\/mscyber.co\/es\/proximamente\/\" \/>\n<meta property=\"og:site_name\" content=\"Mercurius Cyber &amp; Fraud Defense\" \/>\n<meta property=\"article:modified_time\" content=\"2025-09-09T19:30:27+00:00\" \/>\n<meta property=\"og:image\" content=\"https:\/\/mscyber.co\/wp-content\/uploads\/2025\/09\/logo.png\" \/>\n<meta name=\"twitter:card\" content=\"summary_large_image\" \/>\n<meta name=\"twitter:label1\" content=\"Tiempo de lectura\" \/>\n\t<meta name=\"twitter:data1\" content=\"1 minuto\" \/>\n<script type=\"application\/ld+json\" class=\"yoast-schema-graph\">{\"@context\":\"https:\\\/\\\/schema.org\",\"@graph\":[{\"@type\":\"WebPage\",\"@id\":\"https:\\\/\\\/mscyber.co\\\/coming-soon\\\/\",\"url\":\"https:\\\/\\\/mscyber.co\\\/coming-soon\\\/\",\"name\":\"Coming Soon - Mercurius Cyber &amp; Fraud Defense\",\"isPartOf\":{\"@id\":\"https:\\\/\\\/mscyber.co\\\/#website\"},\"primaryImageOfPage\":{\"@id\":\"https:\\\/\\\/mscyber.co\\\/coming-soon\\\/#primaryimage\"},\"image\":{\"@id\":\"https:\\\/\\\/mscyber.co\\\/coming-soon\\\/#primaryimage\"},\"thumbnailUrl\":\"https:\\\/\\\/mscyber.co\\\/wp-content\\\/uploads\\\/2025\\\/09\\\/logo.png\",\"datePublished\":\"2025-09-09T16:23:34+00:00\",\"dateModified\":\"2025-09-09T19:30:27+00:00\",\"breadcrumb\":{\"@id\":\"https:\\\/\\\/mscyber.co\\\/coming-soon\\\/#breadcrumb\"},\"inLanguage\":\"es\",\"potentialAction\":[{\"@type\":\"ReadAction\",\"target\":[\"https:\\\/\\\/mscyber.co\\\/coming-soon\\\/\"]}]},{\"@type\":\"ImageObject\",\"inLanguage\":\"es\",\"@id\":\"https:\\\/\\\/mscyber.co\\\/coming-soon\\\/#primaryimage\",\"url\":\"https:\\\/\\\/mscyber.co\\\/wp-content\\\/uploads\\\/2025\\\/09\\\/logo.png\",\"contentUrl\":\"https:\\\/\\\/mscyber.co\\\/wp-content\\\/uploads\\\/2025\\\/09\\\/logo.png\"},{\"@type\":\"BreadcrumbList\",\"@id\":\"https:\\\/\\\/mscyber.co\\\/coming-soon\\\/#breadcrumb\",\"itemListElement\":[{\"@type\":\"ListItem\",\"position\":1,\"name\":\"Home\",\"item\":\"https:\\\/\\\/mscyber.co\\\/\"},{\"@type\":\"ListItem\",\"position\":2,\"name\":\"Coming Soon\"}]},{\"@type\":\"WebSite\",\"@id\":\"https:\\\/\\\/mscyber.co\\\/#website\",\"url\":\"https:\\\/\\\/mscyber.co\\\/\",\"name\":\"Mercurius Cyber & Fraud Defense\",\"description\":\"Protect your business against digital fraud with artificial intelligence.\",\"potentialAction\":[{\"@type\":\"SearchAction\",\"target\":{\"@type\":\"EntryPoint\",\"urlTemplate\":\"https:\\\/\\\/mscyber.co\\\/?s={search_term_string}\"},\"query-input\":{\"@type\":\"PropertyValueSpecification\",\"valueRequired\":true,\"valueName\":\"search_term_string\"}}],\"inLanguage\":\"es\"}]}<\/script>\n<!-- \/ Yoast SEO plugin. -->","yoast_head_json":{"title":"Pr\u00f3ximamente - Mercurius Cyber &amp; Fraud Defense","robots":{"index":"index","follow":"follow","max-snippet":"max-snippet:-1","max-image-preview":"max-image-preview:large","max-video-preview":"max-video-preview:-1"},"canonical":"https:\/\/mscyber.co\/es\/proximamente\/","og_locale":"es_ES","og_type":"article","og_title":"Coming Soon - Mercurius Cyber &amp; Fraud Defense","og_description":"Logo Get Notified &#916; Coming Soon 29DAYS : 09HOUR : 59MIN COMING 60 SECONDS SOON We\u2019re coming soon&#8230; Get ready! Mercurius Cybersecurity, bringing the future","og_url":"https:\/\/mscyber.co\/es\/proximamente\/","og_site_name":"Mercurius Cyber &amp; Fraud Defense","article_modified_time":"2025-09-09T19:30:27+00:00","og_image":[{"url":"https:\/\/mscyber.co\/wp-content\/uploads\/2025\/09\/logo.png","type":"","width":"","height":""}],"twitter_card":"summary_large_image","twitter_misc":{"Tiempo de lectura":"1 minuto"},"schema":{"@context":"https:\/\/schema.org","@graph":[{"@type":"WebPage","@id":"https:\/\/mscyber.co\/coming-soon\/","url":"https:\/\/mscyber.co\/coming-soon\/","name":"Pr\u00f3ximamente - Mercurius Cyber &amp; Fraud Defense","isPartOf":{"@id":"https:\/\/mscyber.co\/#website"},"primaryImageOfPage":{"@id":"https:\/\/mscyber.co\/coming-soon\/#primaryimage"},"image":{"@id":"https:\/\/mscyber.co\/coming-soon\/#primaryimage"},"thumbnailUrl":"https:\/\/mscyber.co\/wp-content\/uploads\/2025\/09\/logo.png","datePublished":"2025-09-09T16:23:34+00:00","dateModified":"2025-09-09T19:30:27+00:00","breadcrumb":{"@id":"https:\/\/mscyber.co\/coming-soon\/#breadcrumb"},"inLanguage":"es","potentialAction":[{"@type":"ReadAction","target":["https:\/\/mscyber.co\/coming-soon\/"]}]},{"@type":"ImageObject","inLanguage":"es","@id":"https:\/\/mscyber.co\/coming-soon\/#primaryimage","url":"https:\/\/mscyber.co\/wp-content\/uploads\/2025\/09\/logo.png","contentUrl":"https:\/\/mscyber.co\/wp-content\/uploads\/2025\/09\/logo.png"},{"@type":"BreadcrumbList","@id":"https:\/\/mscyber.co\/coming-soon\/#breadcrumb","itemListElement":[{"@type":"ListItem","position":1,"name":"Home","item":"https:\/\/mscyber.co\/"},{"@type":"ListItem","position":2,"name":"Coming Soon"}]},{"@type":"WebSite","@id":"https:\/\/mscyber.co\/#website","url":"https:\/\/mscyber.co\/","name":"Mercurius Ciberdefensa y Defensa contra el Fraude","description":"Proteja su empresa contra el fraude digital con inteligencia artificial.","potentialAction":[{"@type":"SearchAction","target":{"@type":"EntryPoint","urlTemplate":"https:\/\/mscyber.co\/?s={search_term_string}"},"query-input":{"@type":"PropertyValueSpecification","valueRequired":true,"valueName":"search_term_string"}}],"inLanguage":"es"}]}},"_hostinger_reach_plugin_has_subscription_block":false,"_hostinger_reach_plugin_is_elementor":false,"_links":{"self":[{"href":"https:\/\/mscyber.co\/es\/wp-json\/wp\/v2\/pages\/2287","targetHints":{"allow":["GET"]}}],"collection":[{"href":"https:\/\/mscyber.co\/es\/wp-json\/wp\/v2\/pages"}],"about":[{"href":"https:\/\/mscyber.co\/es\/wp-json\/wp\/v2\/types\/page"}],"author":[{"embeddable":true,"href":"https:\/\/mscyber.co\/es\/wp-json\/wp\/v2\/users\/1"}],"replies":[{"embeddable":true,"href":"https:\/\/mscyber.co\/es\/wp-json\/wp\/v2\/comments?post=2287"}],"version-history":[{"count":118,"href":"https:\/\/mscyber.co\/es\/wp-json\/wp\/v2\/pages\/2287\/revisions"}],"predecessor-version":[{"id":2413,"href":"https:\/\/mscyber.co\/es\/wp-json\/wp\/v2\/pages\/2287\/revisions\/2413"}],"wp:attachment":[{"href":"https:\/\/mscyber.co\/es\/wp-json\/wp\/v2\/media?parent=2287"}],"curies":[{"name":"wp","href":"https:\/\/api.w.org\/{rel}","templated":true}]}}